{"id":1066,"date":"2017-07-12T10:53:37","date_gmt":"2017-07-12T08:53:37","guid":{"rendered":"http:\/\/www.ghv-walddoerfer.de\/web\/?page_id=1066"},"modified":"2018-07-13T12:04:39","modified_gmt":"2018-07-13T10:04:39","slug":"ob-events","status":"publish","type":"page","link":"https:\/\/www.ghv-walddoerfer.de\/web\/sportarten\/obedience\/ob-events\/","title":{"rendered":"OB-Events"},"content":{"rendered":"<p><span style=\"color: #000080;\"><strong>27.05.2018\u00a0<span class=\"caps\">HSV<\/span>\u00a0Gro\u00df Gr\u00f6nau \/\u00a0<\/strong><strong>Erfolgreiche Obedience-Pr\u00fcfung<\/strong><\/span><\/p>\n<p><span style=\"color: #000080;\">Wir gratulieren Regina\u00a0<span class=\"amp\">&amp;<\/span>\u00a0Klex sowie Julia\u00a0<span class=\"amp\">&amp;<\/span>\u00a0Smarty zu ihren erfolgreichen Starts beim\u00a0<span class=\"caps\">HSV<\/span>\u00a0Gro\u00df Gr\u00f6nau. Auf einem perfekt organisierten Turniertag bei meist strahlendem Sonnenschein erzielten beide Teams \u2013 in eifriger Gesellschaft einer gro\u00dfen Maik\u00e4fer-Kolonie, die sie kr\u00e4ftig auf dem Platz anfeuerte \u2013 tolle Punkte. Regina erlief sich mit Klex in der Beginner-Klasse ein\u00a0<span class=\"caps\">VORZ\u00dcGLICH<\/span>\u00a0mit stattlichen 275,5 Punkten und damit den Aufstieg in die Klasse 1. Auch Smarty zeigte seinem Frauchen mit vielen 10-Punkte-\u00dcbungen in der Klasse 1, dass er es voll drauf hat und holte tolle 219,5 Punkte, ein\u00a0<span class=\"caps\">GUT<\/span>. Als wahrer Gentleman, der ungern prahlen m\u00f6chte, hielt er sich an der ein oder anderen Stelle etwas mehr im Hintergrund \u2014 man muss ja nicht gleich immer sein volles Repertoire preisgeben\u00a0&#x1f60a;\u00a0\u2026 Herzlichen Gl\u00fcckwunsch den Teams und macht weiter so!<\/span><strong><br \/>\n<\/strong><\/p>\n<p><img loading=\"lazy\" decoding=\"async\" class=\"alignnone wp-image-3038 size-thumbnail\" src=\"http:\/\/blog.ghv-walddoerfer.de\/wp-content\/uploads\/2018\/05\/HSV-Gross-Groenau_2018-05-27_Regia-Klex-1-250x350.jpg\" alt=\"\" width=\"250\" height=\"350\" \/><\/p>\n<p>&nbsp;<\/p>\n<p><img loading=\"lazy\" decoding=\"async\" class=\"alignnone wp-image-3039 size-thumbnail\" src=\"http:\/\/blog.ghv-walddoerfer.de\/wp-content\/uploads\/2018\/05\/HSV-Gross-Groenau_2018-05-27_Julia-Smarty-1-250x350.jpg\" alt=\"\" width=\"250\" height=\"350\" \/><\/p>\n<p><span style=\"color: #000080;\"><b>Obedience-Turnier beim\u00a0<span class=\"caps\">GH<\/span>\u00a0<span class=\"caps\">SV<\/span>\u00a0Ahrensburg am 23.9.2017:<br \/>\nHerzlichen Gl\u00fcckwunsch unseren Mitgliedern!<\/b><\/span><\/p>\n<p><img loading=\"lazy\" decoding=\"async\" class=\"size-full wp-image-2930 alignnone\" src=\"http:\/\/blog.ghv-walddoerfer.de\/wp-content\/uploads\/2016\/03\/Obi2.jpeg\" sizes=\"auto, (max-width: 603px) 100vw, 603px\" srcset=\"http:\/\/blog.ghv-walddoerfer.de\/wp-content\/uploads\/2016\/03\/Obi2.jpeg 603w, http:\/\/blog.ghv-walddoerfer.de\/wp-content\/uploads\/2016\/03\/Obi2-300x157.jpeg 300w\" alt=\"\" width=\"603\" height=\"316\" \/><\/p>\n<h5><b><\/b><b><\/b><b><br \/>\n<\/b><\/h5>\n<p><span style=\"color: #000080;\">Beim Obedience Turnier des\u00a0<span class=\"caps\">GHSV<\/span>\u00a0Ahrensburg im September waren Regina mit Klex in der Beginner-Klasse und Julia mit Smarty in der Klasse 1 f\u00fcr den\u00a0<span class=\"caps\">GHV<\/span>\u00a0Waldd\u00f6rfer am Start.\u00a0<b>Regina\u00a0<span class=\"amp\">&amp;<\/span>\u00a0Klex<\/b>\u00a0zeigten ganz tolle \u00dcbungen und holten sehr gute 248 Punkte und Platz 1. Ausgerechnet seine Lieblings\u00fcbung \u201ePylone umrunden\u201c zeigte Klex an diesem Tag nicht beim ersten Mal korrekt, sonst w\u00e4re es sogar direkt das V (Vorz\u00fcglich) geworden \u2026<\/span><\/p>\n<p><span style=\"color: #000080;\"><b>Julia\u00a0<span class=\"amp\">&amp;<\/span>\u00a0Smarty<\/b>\u00a0zeigten, dass es auch Tage gibt, die so \u201eunerwartet unerwartet\u201c aus meiner pers\u00f6nlichen Sicht\u00a0<i>(von Maren)<\/i>\u00a0laufen k\u00f6nnen, dass selbst das schlechtest erwartete Ergebnis noch unterboten werden kann . Ich h\u00e4tte die beiden nicht aktiv in die Pr\u00fcfung geschickt, wenn ich mir nicht sicher gewesen w\u00e4re, dass die beiden in ihrer normalen Tagesform ein V holen k\u00f6nnen \u2013 und kann so nur sagen:<\/span><br \/>\n<span style=\"color: #000080;\">Kopf hoch, ihr seid ein tolles Team und wir wissen, dass ihr es k\u00f6nnt. An dieser Stelle sei betont, dass ich es grandios finde, wie humorvoll Julia mit dieser kleinen Niederlage umgeht, das k\u00f6nnen nicht viele Sportler! Ich bin mir sicher, dass es beim n\u00e4chsten Mal wieder so toll wie in eurer ersten Pr\u00fcfung in der Beginner laufen wird \u2013 und die beiden ihre \u201enormale\u201c Tagesform zeigen k\u00f6nnen \u2026<\/span><\/p>\n<p><span style=\"color: #000080;\"><b>Gabi\u00a0<span class=\"amp\">&amp;<\/span>\u00a0Smacks<\/b>\u00a0<i>(am Start f\u00fcr den\u00a0<span class=\"caps\">PHV<\/span>\u00a0Alstertal)<\/i>\u00a0lieferten die von ihnen gewohnte Spitzenform ab und holten in der Klasse 3 den 1. Platz mit unschlagbaren 314,5 Punkten.<\/span><\/p>\n<p>&nbsp;<\/p>\n<p style=\"text-align: justify;\"><span style=\"color: #000080;\"><strong>Obedience Landesmeisterschaft Hamburg beim HSV Gro\u00df Gr\u00f6nau am 21.05.2017<\/strong><\/span><\/p>\n<p style=\"text-align: justify;\"><span style=\"color: #000080;\">Wir gratulieren unseren Vereinsmitgliedern Gabi &amp; Smacks zum Titel Landesmeister Hamburg in der Klasse 3 und Margit &amp; Ican zum Vize-Landesmeister in Klasse 3 und allen anderen Teilnehmern zu ihren tollen Leistungen. Vielen Dank an den HSV Gro\u00df Gr\u00f6nau f\u00fcr die tolle Ausrichtung des Turniers, den Ringstewards und dem Leistungsrichter! Auch als Zuschauer war es ein einfach nur wundersch\u00f6ner Tag\u2026<\/span><\/p>\n<p><span style=\"color: #000080;\">Das Video des Landesmeister-Teams Gabi &amp; Smacks zu den Einzel\u00fcbungen findet ihr unter folgendem Link:\u00a0<a style=\"color: #000080;\" href=\"https:\/\/youtu.be\/yXjHfZWWYtc\" target=\"_blank\" rel=\"noopener\">https:\/\/youtu.be\/yXjHfZWWYtc<\/a><\/span><\/p>\n<figure id=\"attachment_1070\" aria-describedby=\"caption-attachment-1070\" style=\"width: 768px\" class=\"wp-caption alignnone\"><a href=\"http:\/\/www.ghv-walddoerfer.de\/web\/wp-content\/uploads\/2017\/07\/GGLM2017-768x527.png\" rel=\"lightbox[1066]\"><img loading=\"lazy\" decoding=\"async\" class=\"wp-image-1070 size-full\" src=\"http:\/\/www.ghv-walddoerfer.de\/web\/wp-content\/uploads\/2017\/07\/GGLM2017-768x527.png\" alt=\"\" width=\"768\" height=\"527\" srcset=\"https:\/\/www.ghv-walddoerfer.de\/wp-content\/uploads\/2017\/07\/GGLM2017-768x527.png 768w, https:\/\/www.ghv-walddoerfer.de\/wp-content\/uploads\/2017\/07\/GGLM2017-768x527-300x206.png 300w\" sizes=\"auto, (max-width: 768px) 100vw, 768px\" \/><\/a><figcaption id=\"caption-attachment-1070\" class=\"wp-caption-text\"><span style=\"color: #000080;\">Gabi &amp; Smacks*, Klasse 3, 289,5 Punkte (V), 1. Platz (Landesmeister) Margit &amp; Ican*, Klasse 3, 243,5 Punkte (SG), 2. Platz *am Start f\u00fcr den PHV Alstertal<\/span><\/figcaption><\/figure>\n<p><span style=\"color: #000080;\"><strong>Erfolgreiche Obedience-Pr\u00fcfung beim GHV Bramfeld am 22.04.2017<\/strong><\/span><\/p>\n<p><span style=\"color: #000080;\">Wir gratulieren den erfolgreichen GHV Waldd\u00f6rfer Startern zur bestandenen Obedience-Pr\u00fcfung beim GHV Bramfeld:<\/span><br \/>\n<span style=\"color: #000080;\"><strong>Julia &amp; Smarty<\/strong> erreichten bei ihrem ersten Start in der Beginner-Klasse den 1. Platz mit vorz\u00fcglichen 287 Punkten (V) und damit den direkten Aufstieg in die Klasse 1.<\/span><br \/>\n<span style=\"color: #000080;\">Auch <strong>Ute &amp; Toni<\/strong> hatten einen guten Lauf in der Beginner-Klasse und erzielten 202 Punkte (G) und den 2. Platz.<\/span><\/p>\n<p><span style=\"color: #000080;\"><strong>Hans-Hermann &amp; Jula<\/strong> starteten in der Klasse 1 erfolgreich mit 226 Punkten (SG) und dem 6. Platz.<\/span><br \/>\n<span style=\"color: #000080;\">Wir gratulieren unseren GHV Waldd\u00f6rfern zu ihren erfolgreichen Starts!<\/span><\/p>\n<p><span style=\"color: #000080;\">Nach einem guten Start in den Gruppen\u00fcbungen hatten <strong>Regina &amp; Klex<\/strong> bei ihrem ersten Beginner-Klassen-Start leider ein bisschen Pech. Klex war abgelenkt, so dass Regina die Pr\u00fcfung abbrach. Wir sind zuversichtlich, dass die beiden beim n\u00e4chsten Start voll durchstarten werden &#x1f60a;\u2026<\/span><\/p>\n<figure id=\"attachment_1075\" aria-describedby=\"caption-attachment-1075\" style=\"width: 236px\" class=\"wp-caption alignleft\"><a href=\"http:\/\/www.ghv-walddoerfer.de\/web\/wp-content\/uploads\/2017\/07\/Regina-236x300.jpg\" rel=\"lightbox[1066]\"><img loading=\"lazy\" decoding=\"async\" class=\"wp-image-1075 size-medium\" src=\"http:\/\/www.ghv-walddoerfer.de\/web\/wp-content\/uploads\/2017\/07\/Regina-236x300-236x300.jpg\" alt=\"\" width=\"236\" height=\"300\" \/><\/a><figcaption id=\"caption-attachment-1075\" class=\"wp-caption-text\"><span style=\"color: #000080;\">Regina &amp; Klex, Beginner-Klasse<\/span><\/figcaption><\/figure>\n<figure id=\"attachment_1076\" aria-describedby=\"caption-attachment-1076\" style=\"width: 300px\" class=\"wp-caption alignnone\"><a href=\"http:\/\/www.ghv-walddoerfer.de\/web\/wp-content\/uploads\/2017\/07\/Hans-300x151.jpg\" rel=\"lightbox[1066]\"><img loading=\"lazy\" decoding=\"async\" class=\"wp-image-1076 size-medium\" src=\"http:\/\/www.ghv-walddoerfer.de\/web\/wp-content\/uploads\/2017\/07\/Hans-300x151-300x151.jpg\" alt=\"\" width=\"300\" height=\"151\" \/><\/a><figcaption id=\"caption-attachment-1076\" class=\"wp-caption-text\"><span style=\"color: #000080;\">Hans-Hermann &amp; Jula, Klasse 1, 226 Punkte (SG)<\/span><\/figcaption><\/figure>\n<figure id=\"attachment_1077\" aria-describedby=\"caption-attachment-1077\" style=\"width: 236px\" class=\"wp-caption alignnone\"><a href=\"http:\/\/www.ghv-walddoerfer.de\/web\/wp-content\/uploads\/2017\/07\/Ute-236x300.jpg\" rel=\"lightbox[1066]\"><img loading=\"lazy\" decoding=\"async\" class=\"wp-image-1077 size-medium\" src=\"http:\/\/www.ghv-walddoerfer.de\/web\/wp-content\/uploads\/2017\/07\/Ute-236x300-236x300.jpg\" alt=\"\" width=\"236\" height=\"300\" \/><\/a><figcaption id=\"caption-attachment-1077\" class=\"wp-caption-text\"><span style=\"color: #000080;\">Ute &amp; Toni, Beginner-Klasse, 202 Punkte (G)<\/span><\/figcaption><\/figure>\n<figure id=\"attachment_1078\" aria-describedby=\"caption-attachment-1078\" style=\"width: 300px\" class=\"wp-caption alignleft\"><a href=\"http:\/\/www.ghv-walddoerfer.de\/web\/wp-content\/uploads\/2017\/07\/Julia-300x164.jpg\" rel=\"lightbox[1066]\"><img loading=\"lazy\" decoding=\"async\" class=\"wp-image-1078 size-medium\" src=\"http:\/\/www.ghv-walddoerfer.de\/web\/wp-content\/uploads\/2017\/07\/Julia-300x164-300x164.jpg\" alt=\"\" width=\"300\" height=\"164\" \/><\/a><figcaption id=\"caption-attachment-1078\" class=\"wp-caption-text\"><span style=\"color: #000080;\">Julia &amp; Smarty, Beginner-Klasse, 287 Punkte (V)<\/span><\/figcaption><\/figure>\n<p>&nbsp;<\/p>\n<p>&nbsp;<\/p>\n<p>&nbsp;<\/p>\n<p>&nbsp;<\/p>\n<p>&nbsp;<\/p>\n<p>&nbsp;<\/p>\n<p>&nbsp;<\/p>\n<p>&nbsp;<\/p>\n<p><span style=\"color: #000080;\">Au\u00dferdem gratulieren wir zu ihren erfolgreichen Starts unseren weiteren Vereinsmitgliedern*:<\/span><br \/>\n<span style=\"color: #000080;\">Margit &amp; Ican*, Klasse 3, 259 Punkte (V), 2. Platz<\/span><br \/>\n<span style=\"color: #000080;\">Gabi &amp; Smacks*, Klasse 3, 255 Punkte (SG), 3. Platz<\/span><br \/>\n<span style=\"color: #000080;\">*am Start f\u00fcr den PHV Alstertal<\/span><\/p>\n<h5><\/h5>\n","protected":false},"excerpt":{"rendered":"<p>27.05.2018\u00a0HSV\u00a0Gro\u00df Gr\u00f6nau \/\u00a0Erfolgreiche Obedience-Pr\u00fcfung Wir gratulieren Regina\u00a0&amp;\u00a0Klex sowie Julia\u00a0&amp;\u00a0Smarty zu ihren erfolgreichen Starts beim\u00a0HSV\u00a0Gro\u00df Gr\u00f6nau. Auf einem perfekt organisierten Turniertag bei meist strahlendem Sonnenschein erzielten beide Teams \u2013 in eifriger Gesellschaft einer gro\u00dfen Maik\u00e4fer-Kolonie, die sie kr\u00e4ftig auf dem Platz anfeuerte \u2013 tolle Punkte. Regina erlief sich mit Klex in der Beginner-Klasse ein\u00a0VORZ\u00dcGLICH\u00a0mit stattlichen 275,5 [&hellip;]<\/p>\n","protected":false},"author":4,"featured_media":0,"parent":128,"menu_order":4,"comment_status":"closed","ping_status":"closed","template":"","meta":{"footnotes":""},"class_list":["post-1066","page","type-page","status-publish","hentry"],"_links":{"self":[{"href":"https:\/\/www.ghv-walddoerfer.de\/web\/wp-json\/wp\/v2\/pages\/1066","targetHints":{"allow":["GET"]}}],"collection":[{"href":"https:\/\/www.ghv-walddoerfer.de\/web\/wp-json\/wp\/v2\/pages"}],"about":[{"href":"https:\/\/www.ghv-walddoerfer.de\/web\/wp-json\/wp\/v2\/types\/page"}],"author":[{"embeddable":true,"href":"https:\/\/www.ghv-walddoerfer.de\/web\/wp-json\/wp\/v2\/users\/4"}],"replies":[{"embeddable":true,"href":"https:\/\/www.ghv-walddoerfer.de\/web\/wp-json\/wp\/v2\/comments?post=1066"}],"version-history":[{"count":11,"href":"https:\/\/www.ghv-walddoerfer.de\/web\/wp-json\/wp\/v2\/pages\/1066\/revisions"}],"predecessor-version":[{"id":1346,"href":"https:\/\/www.ghv-walddoerfer.de\/web\/wp-json\/wp\/v2\/pages\/1066\/revisions\/1346"}],"up":[{"embeddable":true,"href":"https:\/\/www.ghv-walddoerfer.de\/web\/wp-json\/wp\/v2\/pages\/128"}],"wp:attachment":[{"href":"https:\/\/www.ghv-walddoerfer.de\/web\/wp-json\/wp\/v2\/media?parent=1066"}],"curies":[{"name":"wp","href":"https:\/\/api.w.org\/{rel}","templated":true}]}}