{"id":122,"date":"2017-03-08T11:02:12","date_gmt":"2017-03-08T10:02:12","guid":{"rendered":"http:\/\/www.ghv-walddoerfer.de\/web\/?page_id=122"},"modified":"2026-04-12T21:56:16","modified_gmt":"2026-04-12T19:56:16","slug":"ausbildung","status":"publish","type":"page","link":"https:\/\/www.ghv-walddoerfer.de\/web\/ausbildung\/","title":{"rendered":"Grundausbildung"},"content":{"rendered":"<p><span style=\"color: #000080;\">Die Ausbildung in unserem Verein hat viele m\u00f6gliche Ziele. Doch der Weg ist das Ziel! Wir bilden unsere Hunde mit positiver Best\u00e4rkung aus, d.h. es wird ohne k\u00f6rperliche Strafen, Leinenruck o.\u00e4. trainiert. Die F\u00f6rderung der Bindung zwischen Hund und Halter sowie die artgerechte Auslastung der Hunde stehen in der gesamten Ausbildung im Vordergrund.<\/span><\/p>\n<p><span style=\"color: #000080;\">Das Erlernen des Grundgehorsams kann schon im zarten Alter von 8 Wochen spielerisch in unserer <a href=\"http:\/\/www.ghv-walddoerfer.de\/web\/welpen\/\"><strong>Welpengruppe<\/strong><\/a> beginnen. Ab dem Alter von 5-6 Monaten wird in der <a href=\"http:\/\/www.ghv-walddoerfer.de\/web\/ausbildung\/junghundausbildung\/\"><strong>Junghundgruppe<\/strong><\/a> in kleinen Schritten der Grundgehorsam aufgebaut. Weiter geht es dann in der\u00a0<a href=\"http:\/\/www.ghv-walddoerfer.de\/web\/ausbildung\/fortgeschrittene\/\"><strong>Fortgeschrittenengruppe<\/strong><\/a>. Hier werden die \u00dcbungen f\u00fcr Mensch und Hund anspruchsvoller um dann in der <a href=\"http:\/\/www.ghv-walddoerfer.de\/web\/ausbildung\/begleithundpruefung\/\"><strong>Begleithundgruppe<\/strong><\/a> auf die bevorstehende Begleithundpr\u00fcfung (BH-Pr\u00fcfung) vorbereitet zu werden. Der Einstieg ist in jedem Ausbildungsstadium m\u00f6glich.<\/span><\/p>\n<p><span style=\"color: #000080;\">Einen \u00dcberblick \u00fcber die, bei uns angebotenen Sportarten findest du im Menu\u00a0nebenan. <\/span><\/p>\n<p><span style=\"color: #000080;\">F\u00fcr ein kostenloses Probetraining nimmst du am besten per email\u00a0<a style=\"color: #000080;\" href=\"mailto:info@ghv-walddoerfer.de\" rel=\"noopener\">info@ghv-walddoerfer.de<\/a> Kontakt mit uns auf.\u00a0<\/span><\/p>\n","protected":false},"excerpt":{"rendered":"<p>Die Ausbildung in unserem Verein hat viele m\u00f6gliche Ziele. Doch der Weg ist das Ziel! Wir bilden unsere Hunde mit positiver Best\u00e4rkung aus, d.h. es wird ohne k\u00f6rperliche Strafen, Leinenruck o.\u00e4. trainiert. Die F\u00f6rderung der Bindung zwischen Hund und Halter sowie die artgerechte Auslastung der Hunde stehen in der gesamten Ausbildung im Vordergrund. Das Erlernen [&hellip;]<\/p>\n","protected":false},"author":5,"featured_media":0,"parent":0,"menu_order":2,"comment_status":"closed","ping_status":"closed","template":"","meta":{"footnotes":""},"class_list":["post-122","page","type-page","status-publish","hentry"],"_links":{"self":[{"href":"https:\/\/www.ghv-walddoerfer.de\/web\/wp-json\/wp\/v2\/pages\/122","targetHints":{"allow":["GET"]}}],"collection":[{"href":"https:\/\/www.ghv-walddoerfer.de\/web\/wp-json\/wp\/v2\/pages"}],"about":[{"href":"https:\/\/www.ghv-walddoerfer.de\/web\/wp-json\/wp\/v2\/types\/page"}],"author":[{"embeddable":true,"href":"https:\/\/www.ghv-walddoerfer.de\/web\/wp-json\/wp\/v2\/users\/5"}],"replies":[{"embeddable":true,"href":"https:\/\/www.ghv-walddoerfer.de\/web\/wp-json\/wp\/v2\/comments?post=122"}],"version-history":[{"count":17,"href":"https:\/\/www.ghv-walddoerfer.de\/web\/wp-json\/wp\/v2\/pages\/122\/revisions"}],"predecessor-version":[{"id":3221,"href":"https:\/\/www.ghv-walddoerfer.de\/web\/wp-json\/wp\/v2\/pages\/122\/revisions\/3221"}],"wp:attachment":[{"href":"https:\/\/www.ghv-walddoerfer.de\/web\/wp-json\/wp\/v2\/media?parent=122"}],"curies":[{"name":"wp","href":"https:\/\/api.w.org\/{rel}","templated":true}]}}