{"id":1470,"date":"2018-07-15T22:32:20","date_gmt":"2018-07-15T20:32:20","guid":{"rendered":"http:\/\/www.ghv-walddoerfer.de\/web\/?page_id=1470"},"modified":"2026-03-08T17:10:07","modified_gmt":"2026-03-08T16:10:07","slug":"ths-termine","status":"publish","type":"page","link":"https:\/\/www.ghv-walddoerfer.de\/web\/ths-termine\/","title":{"rendered":"CaniCross"},"content":{"rendered":"\n<p>CaniCross ist beim Turnierhundsport angegliedert. Es ist ein Gel\u00e4ndelauf, bei dem die\/der Sportler:in mit einem oder zwei Hunden durch eine flexible Leine verbunden ist. Diese Flexibilit\u00e4t wird durch einen Ruckd\u00e4mpfer, der in der Leine eingearbeitet ist, gew\u00e4hrleistet.<br>Die Ausr\u00fcstung besteht im Wesentlichen aus einem H\u00fcftg\u00fcrtel und einer flexiblen Leine von ca. 2 m L\u00e4nge. Der Hund bekommt ein spezielles Geschirr, dass vergleichbar mit Schlittenhund-Geschirren ist. Der Druckpunkt ist dabei so gearbeitet, dass die Lungen des Hundes nicht belastet werden und die Leistungsf\u00e4higkeit nur marginal eingeschr\u00e4nkt wird.<\/p>\n\n\n\n<p>Seit 2025 haben wir wieder eine kleine feine CaniCross-Gruppe aufgebaut, die neben DVG-Turnieren auch an CaniCross-Events teilnimmt. <\/p>\n\n\n\n<p>Wir treffen uns nach Absprache im Gel\u00e4nde an wechselnden Orten. CaniCross findet i.d.R. von Herbst bis Fr\u00fchling statt, im Sommer ist aufgrund der Temperaturen Trainingspause &#8211; zumindest f\u00fcr die Hunde.<\/p>\n\n\n\n<p>Die CaniCross-Gruppe wird von Julia angeleitet.<\/p>\n\n\n\n<figure class=\"wp-block-image size-large is-resized\"><a href=\"https:\/\/www.ghv-walddoerfer.de\/wp-content\/uploads\/2026\/03\/CrossDog-scaled.jpg\" rel=\"lightbox[1470]\"><img loading=\"lazy\" decoding=\"async\" width=\"553\" height=\"1024\" src=\"https:\/\/www.ghv-walddoerfer.de\/wp-content\/uploads\/2026\/03\/CrossDog-553x1024.jpg\" alt=\"\" class=\"wp-image-3193\" style=\"width:247px;height:auto\" srcset=\"https:\/\/www.ghv-walddoerfer.de\/wp-content\/uploads\/2026\/03\/CrossDog-553x1024.jpg 553w, https:\/\/www.ghv-walddoerfer.de\/wp-content\/uploads\/2026\/03\/CrossDog-162x300.jpg 162w, https:\/\/www.ghv-walddoerfer.de\/wp-content\/uploads\/2026\/03\/CrossDog-768x1422.jpg 768w, https:\/\/www.ghv-walddoerfer.de\/wp-content\/uploads\/2026\/03\/CrossDog-830x1536.jpg 830w, https:\/\/www.ghv-walddoerfer.de\/wp-content\/uploads\/2026\/03\/CrossDog-1106x2048.jpg 1106w, https:\/\/www.ghv-walddoerfer.de\/wp-content\/uploads\/2026\/03\/CrossDog-750x1388.jpg 750w, https:\/\/www.ghv-walddoerfer.de\/wp-content\/uploads\/2026\/03\/CrossDog-scaled.jpg 1383w\" sizes=\"auto, (max-width: 553px) 100vw, 553px\" \/><\/a><\/figure>\n\n\n\n<p><\/p>\n\n\n\n<p><\/p>\n","protected":false},"excerpt":{"rendered":"<p>CaniCross ist beim Turnierhundsport angegliedert. Es ist ein Gel\u00e4ndelauf, bei dem die\/der Sportler:in mit einem oder zwei Hunden durch eine flexible Leine verbunden ist. Diese Flexibilit\u00e4t wird durch einen Ruckd\u00e4mpfer, der in der Leine eingearbeitet ist, gew\u00e4hrleistet.Die Ausr\u00fcstung besteht im Wesentlichen aus einem H\u00fcftg\u00fcrtel und einer flexiblen Leine von ca. 2 m L\u00e4nge. Der Hund [&hellip;]<\/p>\n","protected":false},"author":5,"featured_media":0,"parent":0,"menu_order":0,"comment_status":"closed","ping_status":"closed","template":"","meta":{"footnotes":""},"class_list":["post-1470","page","type-page","status-publish","hentry"],"_links":{"self":[{"href":"https:\/\/www.ghv-walddoerfer.de\/web\/wp-json\/wp\/v2\/pages\/1470","targetHints":{"allow":["GET"]}}],"collection":[{"href":"https:\/\/www.ghv-walddoerfer.de\/web\/wp-json\/wp\/v2\/pages"}],"about":[{"href":"https:\/\/www.ghv-walddoerfer.de\/web\/wp-json\/wp\/v2\/types\/page"}],"author":[{"embeddable":true,"href":"https:\/\/www.ghv-walddoerfer.de\/web\/wp-json\/wp\/v2\/users\/5"}],"replies":[{"embeddable":true,"href":"https:\/\/www.ghv-walddoerfer.de\/web\/wp-json\/wp\/v2\/comments?post=1470"}],"version-history":[{"count":33,"href":"https:\/\/www.ghv-walddoerfer.de\/web\/wp-json\/wp\/v2\/pages\/1470\/revisions"}],"predecessor-version":[{"id":3194,"href":"https:\/\/www.ghv-walddoerfer.de\/web\/wp-json\/wp\/v2\/pages\/1470\/revisions\/3194"}],"wp:attachment":[{"href":"https:\/\/www.ghv-walddoerfer.de\/web\/wp-json\/wp\/v2\/media?parent=1470"}],"curies":[{"name":"wp","href":"https:\/\/api.w.org\/{rel}","templated":true}]}}