{"id":206,"date":"2017-03-20T10:13:33","date_gmt":"2017-03-20T09:13:33","guid":{"rendered":"http:\/\/www.ghv-walddoerfer.de\/web\/?page_id=206"},"modified":"2025-01-08T23:18:36","modified_gmt":"2025-01-08T22:18:36","slug":"begleithundpruefung","status":"publish","type":"page","link":"https:\/\/www.ghv-walddoerfer.de\/web\/ausbildung\/begleithundpruefung\/","title":{"rendered":"Grundausbildung II (Begleithundpr\u00fcfung)"},"content":{"rendered":"\n<p><span style=\"color: #000080;\">Die Begleithundpr\u00fcfung ist eine Gehorsamkeitspr\u00fcfung, welche in verschiedenen Teilen, dem theoretischen-Teil, dem Platz-Teil mit der Unterordnung sowie einem Stra\u00dfen-Teil absolviert werden muss.<\/span><\/p>\n\n\n\n<p><span style=\"color: #000080;\">Im theoretischen Teil werden Fragen zur Beantwortung gestellt, die den Hund in seinem Wesen und Verhalten beschreibt.<\/span><br><span style=\"color: #000080;\">Im Platzteil wird der Grundgehorsam des Hundes sowie die Mensch-Hund-Bindung durch den Leistungsrichter beurteilt. Daf\u00fcr wird ein festes Laufschema absolviert, das die erlernten F\u00e4higkeiten abfragt. So zum Beispiel das Abrufen mit korrektem Vorsitzen des Hundes. Auch ein Gang mitten durch eine Personengruppe geh\u00f6rt zu diesem \u00dcbungsteil. Darauf folgt noch der Stra\u00dfenteil, bei dem allt\u00e4gliche Situationen bew\u00e4ltigt werden m\u00fcssen.<\/span><\/p>\n\n\n\n<p>Dieses Laufschema gilt ab dem 01.01.2025:<\/p>\n\n\n\n<figure class=\"wp-block-image size-full\"><a href=\"https:\/\/www.ghv-walddoerfer.de\/wp-content\/uploads\/2025\/01\/Schema-BH-Pruefung-ab-01.01.2025.png\" rel=\"lightbox[206]\"><img loading=\"lazy\" decoding=\"async\" width=\"748\" height=\"611\" src=\"https:\/\/www.ghv-walddoerfer.de\/wp-content\/uploads\/2025\/01\/Schema-BH-Pruefung-ab-01.01.2025.png\" alt=\"\" class=\"wp-image-3110\" srcset=\"https:\/\/www.ghv-walddoerfer.de\/wp-content\/uploads\/2025\/01\/Schema-BH-Pruefung-ab-01.01.2025.png 748w, https:\/\/www.ghv-walddoerfer.de\/wp-content\/uploads\/2025\/01\/Schema-BH-Pruefung-ab-01.01.2025-300x245.png 300w\" sizes=\"auto, (max-width: 748px) 100vw, 748px\" \/><\/a><\/figure>\n\n\n\n<p><span style=\"color: #000080;\">In speziell daf\u00fcr ausgearbeiteten Trainingseinheiten wird auf all diese Pr\u00fcfungsaufgaben hingearbeitet, mit dem Ziel, die Begleithundpr\u00fcfung zu bestehen. Anhand einer Punkteliste pr\u00fcft der Leistungsrichter die Qualit\u00e4t der dargebotenen Vorf\u00fchrung. F\u00fcr jede Beanstandung gibt es einen Punktabzug. Dabei werden anfangs 60 Punkte am Start vorangestellt. Das Ziel ist, davon mindestens 70 %, also 42 Punkte zu erreichen. Ist die Punktezahl von 42 unterschritten, wird die Pr\u00fcfung als nicht bestanden bewertet.<\/span><\/p>\n\n\n\n<p><span style=\"color: #000080;\">Die Begleithund-Gruppe wird von Tobias, Jens, Christine, Julia und Petra betreut.<\/span><\/p>\n\n\n\n<p><span style=\"color: #000080;\"><strong>Trainingszeiten:<\/strong><\/span><br><span style=\"color: #000080;\">Mittwochs 19 bis 20 Uhr&nbsp;<\/span><br><span style=\"color: #000080;\">Samstags 15 bis 16 Uhr&nbsp;<\/span><\/p>\n\n\n<div class=\"wp-block-image\">\n<figure class=\"aligncenter size-full is-resized\"><a href=\"https:\/\/www.ghv-walddoerfer.de\/wp-content\/uploads\/2022\/10\/IMG-20221013-WA0001.jpg\" rel=\"lightbox[206]\"><img loading=\"lazy\" decoding=\"async\" width=\"768\" height=\"1024\" src=\"https:\/\/www.ghv-walddoerfer.de\/wp-content\/uploads\/2022\/10\/IMG-20221013-WA0001.jpg\" alt=\"Christine\" class=\"wp-image-2880\" style=\"width:299px;height:auto\" srcset=\"https:\/\/www.ghv-walddoerfer.de\/wp-content\/uploads\/2022\/10\/IMG-20221013-WA0001.jpg 768w, https:\/\/www.ghv-walddoerfer.de\/wp-content\/uploads\/2022\/10\/IMG-20221013-WA0001-225x300.jpg 225w, https:\/\/www.ghv-walddoerfer.de\/wp-content\/uploads\/2022\/10\/IMG-20221013-WA0001-750x1000.jpg 750w\" sizes=\"auto, (max-width: 768px) 100vw, 768px\" \/><\/a><figcaption class=\"wp-element-caption\"><strong>Christine Schurzfeld<\/strong><br>Ausbilderin Grundausbildung<br>Mitglied seit 2021<\/figcaption><\/figure>\n<\/div>\n\n<div class=\"wp-block-image\">\n<figure class=\"aligncenter size-large is-resized\"><a href=\"https:\/\/www.ghv-walddoerfer.de\/wp-content\/uploads\/2024\/12\/DSC_0201.jpg\" rel=\"lightbox[206]\"><img loading=\"lazy\" decoding=\"async\" width=\"858\" height=\"1024\" src=\"https:\/\/www.ghv-walddoerfer.de\/wp-content\/uploads\/2024\/12\/DSC_0201-858x1024.jpg\" alt=\"\" class=\"wp-image-3077\" style=\"width:300px;height:auto\" srcset=\"https:\/\/www.ghv-walddoerfer.de\/wp-content\/uploads\/2024\/12\/DSC_0201-858x1024.jpg 858w, https:\/\/www.ghv-walddoerfer.de\/wp-content\/uploads\/2024\/12\/DSC_0201-251x300.jpg 251w, https:\/\/www.ghv-walddoerfer.de\/wp-content\/uploads\/2024\/12\/DSC_0201-768x917.jpg 768w, https:\/\/www.ghv-walddoerfer.de\/wp-content\/uploads\/2024\/12\/DSC_0201-750x895.jpg 750w, https:\/\/www.ghv-walddoerfer.de\/wp-content\/uploads\/2024\/12\/DSC_0201.jpg 862w\" sizes=\"auto, (max-width: 858px) 100vw, 858px\" \/><\/a><figcaption class=\"wp-element-caption\"><strong>Julia Kaiser<\/strong><br>Ausbilderin THS, Grundausbildung<br>Mitglied seit 2015<\/figcaption><\/figure>\n<\/div>\n\n<div class=\"wp-block-image\">\n<figure class=\"aligncenter size-large is-resized\"><a href=\"https:\/\/www.ghv-walddoerfer.de\/wp-content\/uploads\/2022\/11\/IMG-20221102-WA0004-e1736100320691.jpg\" rel=\"lightbox[206]\"><img loading=\"lazy\" decoding=\"async\" width=\"768\" height=\"1024\" src=\"https:\/\/www.ghv-walddoerfer.de\/wp-content\/uploads\/2022\/11\/IMG-20221102-WA0004-768x1024.jpg\" alt=\"\" class=\"wp-image-2899\" style=\"width:301px;height:auto\"\/><\/a><figcaption class=\"wp-element-caption\"><strong>Petra Wittenberg<\/strong><br>Ausbilderin Grundausbildung<br>Mitglied seit 2020<\/figcaption><\/figure>\n<\/div>\n\n<div class=\"wp-block-image\">\n<figure class=\"aligncenter size-large is-resized\"><a href=\"https:\/\/www.ghv-walddoerfer.de\/wp-content\/uploads\/2018\/10\/GHV-Walddoerfer-Herbstpruefung_2018-10-21-47-e1540374226689.jpg\" rel=\"lightbox[206]\"><img loading=\"lazy\" decoding=\"async\" width=\"822\" height=\"1024\" src=\"https:\/\/www.ghv-walddoerfer.de\/wp-content\/uploads\/2018\/10\/GHV-Walddoerfer-Herbstpruefung_2018-10-21-47-e1540374226689-822x1024.jpg\" alt=\"\" class=\"wp-image-1930\" style=\"width:305px;height:auto\" srcset=\"https:\/\/www.ghv-walddoerfer.de\/wp-content\/uploads\/2018\/10\/GHV-Walddoerfer-Herbstpruefung_2018-10-21-47-e1540374226689-822x1024.jpg 822w, https:\/\/www.ghv-walddoerfer.de\/wp-content\/uploads\/2018\/10\/GHV-Walddoerfer-Herbstpruefung_2018-10-21-47-e1540374226689-241x300.jpg 241w, https:\/\/www.ghv-walddoerfer.de\/wp-content\/uploads\/2018\/10\/GHV-Walddoerfer-Herbstpruefung_2018-10-21-47-e1540374226689-768x956.jpg 768w, https:\/\/www.ghv-walddoerfer.de\/wp-content\/uploads\/2018\/10\/GHV-Walddoerfer-Herbstpruefung_2018-10-21-47-e1540374226689-750x934.jpg 750w\" sizes=\"auto, (max-width: 822px) 100vw, 822px\" \/><\/a><figcaption class=\"wp-element-caption\"><strong>Tobias Kaiser<\/strong><br>Ausbilder Grundausbildung<br>Mitglied seit 2016<\/figcaption><\/figure>\n<\/div>","protected":false},"excerpt":{"rendered":"<p>Die Begleithundpr\u00fcfung ist eine Gehorsamkeitspr\u00fcfung, welche in verschiedenen Teilen, dem theoretischen-Teil, dem Platz-Teil mit der Unterordnung sowie einem Stra\u00dfen-Teil absolviert werden muss. Im theoretischen Teil werden Fragen zur Beantwortung gestellt, die den Hund in seinem Wesen und Verhalten beschreibt.Im Platzteil wird der Grundgehorsam des Hundes sowie die Mensch-Hund-Bindung durch den Leistungsrichter beurteilt. Daf\u00fcr wird ein [&hellip;]<\/p>\n","protected":false},"author":5,"featured_media":546,"parent":122,"menu_order":4,"comment_status":"closed","ping_status":"closed","template":"","meta":{"footnotes":""},"class_list":["post-206","page","type-page","status-publish","has-post-thumbnail","hentry"],"_links":{"self":[{"href":"https:\/\/www.ghv-walddoerfer.de\/web\/wp-json\/wp\/v2\/pages\/206","targetHints":{"allow":["GET"]}}],"collection":[{"href":"https:\/\/www.ghv-walddoerfer.de\/web\/wp-json\/wp\/v2\/pages"}],"about":[{"href":"https:\/\/www.ghv-walddoerfer.de\/web\/wp-json\/wp\/v2\/types\/page"}],"author":[{"embeddable":true,"href":"https:\/\/www.ghv-walddoerfer.de\/web\/wp-json\/wp\/v2\/users\/5"}],"replies":[{"embeddable":true,"href":"https:\/\/www.ghv-walddoerfer.de\/web\/wp-json\/wp\/v2\/comments?post=206"}],"version-history":[{"count":94,"href":"https:\/\/www.ghv-walddoerfer.de\/web\/wp-json\/wp\/v2\/pages\/206\/revisions"}],"predecessor-version":[{"id":3115,"href":"https:\/\/www.ghv-walddoerfer.de\/web\/wp-json\/wp\/v2\/pages\/206\/revisions\/3115"}],"up":[{"embeddable":true,"href":"https:\/\/www.ghv-walddoerfer.de\/web\/wp-json\/wp\/v2\/pages\/122"}],"wp:featuredmedia":[{"embeddable":true,"href":"https:\/\/www.ghv-walddoerfer.de\/web\/wp-json\/wp\/v2\/media\/546"}],"wp:attachment":[{"href":"https:\/\/www.ghv-walddoerfer.de\/web\/wp-json\/wp\/v2\/media?parent=206"}],"curies":[{"name":"wp","href":"https:\/\/api.w.org\/{rel}","templated":true}]}}