{"id":2271,"date":"2019-07-22T16:45:35","date_gmt":"2019-07-22T14:45:35","guid":{"rendered":"https:\/\/www.ghv-walddoerfer.de\/web\/?page_id=2271"},"modified":"2023-07-28T13:03:06","modified_gmt":"2023-07-28T11:03:06","slug":"hoopers","status":"publish","type":"page","link":"https:\/\/www.ghv-walddoerfer.de\/web\/hoopers\/","title":{"rendered":"Hoopers"},"content":{"rendered":"\n<p>Seit Fr\u00fchjahr 2019 bieten wir Hoopers an. Diese, aus den USA kommende und in Europa nun immer bekannter werdende Sportart verlangt vom Team ein hohes Ma\u00df an Geschicklichkeit. <\/p>\n\n\n\n<p>Bei Hoopers gilt es, einen Parcours bestehend aus Hoops (B\u00f6gen), Tonnen, Tunnel, Slalom, Gates (Z\u00e4une) und Pylonen zu bew\u00e4ltigen. Der Hund arbeitet diesen Parcours alleine, nur auf Sicht- und H\u00f6rzeichen sowie der K\u00f6rpersprache des Hundef\u00fchrers ab. Der Hundef\u00fchrer bleibt in einem definierten Bereich und weist den Hund daraus an. Der Parcours wird nach K\u00f6nnen und Trainingsstand des Teams aufgebaut.<\/p>\n\n\n\n<p>Geeignet ist Hoopers f\u00fcr jeden Mensch und jeden Hund. Wichtig ist, dass Hundef\u00fchrer und Hund Arbeitsfreude mitbringen. Hunde, die nicht (mehr) springen d\u00fcrfen aber noch arbeitsfreudig sind, profitieren besonders. <\/p>\n\n\n\n<p>Da der Parcours sehr weitl\u00e4ufig sein kann und die Hunde ihn ja frei ablaufen, haben wir den Dienstagabend als neue Trainingszeit hinzugenommen. So kann die Gruppe den ganzen Platz nutzen.<\/p>\n\n\n\n<p>Die Gruppe wird von Angela und Thorben betreut.<\/p>\n\n\n\n<p>Trainingszeit: <\/p>\n\n\n\n<p><strong>Dienstags 18:30 &#8211; 20 Uhr<\/strong><\/p>\n\n\n<div class=\"wp-block-image\">\n<figure class=\"alignleft is-resized\"><img loading=\"lazy\" decoding=\"async\" src=\"https:\/\/www.ghv-walddoerfer.de\/wp-content\/uploads\/2018\/08\/IMG_3136-646x1024.jpg\" alt=\"\" class=\"wp-image-1768\" width=\"197\" height=\"312\" srcset=\"https:\/\/www.ghv-walddoerfer.de\/wp-content\/uploads\/2018\/08\/IMG_3136-646x1024.jpg 646w, https:\/\/www.ghv-walddoerfer.de\/wp-content\/uploads\/2018\/08\/IMG_3136-189x300.jpg 189w, https:\/\/www.ghv-walddoerfer.de\/wp-content\/uploads\/2018\/08\/IMG_3136-768x1217.jpg 768w, https:\/\/www.ghv-walddoerfer.de\/wp-content\/uploads\/2018\/08\/IMG_3136-750x1189.jpg 750w\" sizes=\"auto, (max-width: 197px) 100vw, 197px\" \/><figcaption><strong>Thorben Deppe<\/strong><br> Ausbilder <br>Jugendliche, Hoopers<br> Mitglied seit 2011<\/figcaption><\/figure>\n<\/div>\n\n<div class=\"wp-block-image\">\n<figure class=\"alignleft size-large is-resized\"><img loading=\"lazy\" decoding=\"async\" src=\"https:\/\/www.ghv-walddoerfer.de\/wp-content\/uploads\/2021\/07\/GHV_Angela_Mocniak-728x1024.jpg\" alt=\"\" class=\"wp-image-2733\" width=\"222\" height=\"312\" srcset=\"https:\/\/www.ghv-walddoerfer.de\/wp-content\/uploads\/2021\/07\/GHV_Angela_Mocniak-728x1024.jpg 728w, https:\/\/www.ghv-walddoerfer.de\/wp-content\/uploads\/2021\/07\/GHV_Angela_Mocniak-213x300.jpg 213w, https:\/\/www.ghv-walddoerfer.de\/wp-content\/uploads\/2021\/07\/GHV_Angela_Mocniak-768x1081.jpg 768w, https:\/\/www.ghv-walddoerfer.de\/wp-content\/uploads\/2021\/07\/GHV_Angela_Mocniak-1092x1536.jpg 1092w, https:\/\/www.ghv-walddoerfer.de\/wp-content\/uploads\/2021\/07\/GHV_Angela_Mocniak-1455x2048.jpg 1455w, https:\/\/www.ghv-walddoerfer.de\/wp-content\/uploads\/2021\/07\/GHV_Angela_Mocniak-750x1055.jpg 750w, https:\/\/www.ghv-walddoerfer.de\/wp-content\/uploads\/2021\/07\/GHV_Angela_Mocniak-scaled.jpg 1819w\" sizes=\"auto, (max-width: 222px) 100vw, 222px\" \/><figcaption><strong>Angela Mocniak <\/strong><br>Ausbilderin <br>Hoopers <br>Mitglied seit 2017<\/figcaption><\/figure>\n<\/div>","protected":false},"excerpt":{"rendered":"<p>Seit Fr\u00fchjahr 2019 bieten wir Hoopers an. Diese, aus den USA kommende und in Europa nun immer bekannter werdende Sportart verlangt vom Team ein hohes Ma\u00df an Geschicklichkeit. Bei Hoopers gilt es, einen Parcours bestehend aus Hoops (B\u00f6gen), Tonnen, Tunnel, Slalom, Gates (Z\u00e4une) und Pylonen zu bew\u00e4ltigen. Der Hund arbeitet diesen Parcours alleine, nur auf [&hellip;]<\/p>\n","protected":false},"author":5,"featured_media":0,"parent":0,"menu_order":0,"comment_status":"closed","ping_status":"closed","template":"","meta":{"footnotes":""},"class_list":["post-2271","page","type-page","status-publish","hentry"],"_links":{"self":[{"href":"https:\/\/www.ghv-walddoerfer.de\/web\/wp-json\/wp\/v2\/pages\/2271","targetHints":{"allow":["GET"]}}],"collection":[{"href":"https:\/\/www.ghv-walddoerfer.de\/web\/wp-json\/wp\/v2\/pages"}],"about":[{"href":"https:\/\/www.ghv-walddoerfer.de\/web\/wp-json\/wp\/v2\/types\/page"}],"author":[{"embeddable":true,"href":"https:\/\/www.ghv-walddoerfer.de\/web\/wp-json\/wp\/v2\/users\/5"}],"replies":[{"embeddable":true,"href":"https:\/\/www.ghv-walddoerfer.de\/web\/wp-json\/wp\/v2\/comments?post=2271"}],"version-history":[{"count":11,"href":"https:\/\/www.ghv-walddoerfer.de\/web\/wp-json\/wp\/v2\/pages\/2271\/revisions"}],"predecessor-version":[{"id":3005,"href":"https:\/\/www.ghv-walddoerfer.de\/web\/wp-json\/wp\/v2\/pages\/2271\/revisions\/3005"}],"wp:attachment":[{"href":"https:\/\/www.ghv-walddoerfer.de\/web\/wp-json\/wp\/v2\/media?parent=2271"}],"curies":[{"name":"wp","href":"https:\/\/api.w.org\/{rel}","templated":true}]}}