{"id":360,"date":"2017-03-22T11:48:34","date_gmt":"2017-03-22T10:48:34","guid":{"rendered":"http:\/\/www.ghv-walddoerfer.de\/web\/?page_id=360"},"modified":"2018-07-31T11:11:05","modified_gmt":"2018-07-31T09:11:05","slug":"anfahrtplan","status":"publish","type":"page","link":"https:\/\/www.ghv-walddoerfer.de\/web\/impressum-2\/anfahrtplan\/","title":{"rendered":"Anfahrt"},"content":{"rendered":"<p><span style=\"color: #000080;\"><strong>Hier findest du uns:<\/strong><\/span><br \/>\n<span style=\"color: #000080;\">Moorredder 59, in 22359 Hamburg-Volksdorf, gegen\u00fcber vom Naturfreibad.<\/span><\/p>\n<p style=\"text-align: justify;\"><strong><span style=\"color: #000080;\">Am einfachsten erreichst du uns<\/span><\/strong><\/p>\n<p style=\"text-align: justify;\"><span style=\"color: #000080;\"><strong>a)<\/strong> aus Hamburg kommend: B 75 Richtung Ahrensburg\/L\u00fcbeck. Nach dem Ortsschild Ahrensburg links in den Bornkampsweg (an der Ecke ist ein Griechisches Restaurant). Nach dem Ortsschild Hamburg erste Stra\u00dfe rechts in den Moorredder. \u00dcber die n\u00e4chste Kreuzung nach ca. 50 m rechts in die Einfahrt.<\/span><\/p>\n<p style=\"text-align: justify;\"><span style=\"color: #000080;\"><strong>b)<\/strong> aus Berlin kommend: BAB A 24 Abfahrt Schwarzenbek\/Grande auf die B 404 Richtung A 1 L\u00fcbeck\/Hamburg. B 404 Abfahrt Trittau Richtung Gro\u00dfensee. Durch Gro\u00dfensee Richtung Siek\/Ahrensburg\/A 1. Am Kreisverkehr Richtung Ahrensburg\/A 1. Hinter Ortsschild Ahrensburg (= gro\u00dfe Kreuzung) links Richtung Hamburg (B 75). Im Tunnel rechts Richtung Hamburg (B 75). N\u00e4chste Kreuzung links Richtung Hamburg (B 75). Nach der Shell-Tankstelle (= auf der linken Seite) n\u00e4chste Stra\u00dfe rechts in den Bornkampsweg. Danach siehe a) aus Hamburg kommend.<\/span><\/p>\n<p style=\"text-align: justify;\"><span style=\"color: #000080;\"><strong>aus S\u00fcden kommend:<\/strong> BAB A 1 Richtung L\u00fcbeck. Abfahrt Ahrensburg. Richtung Ahrensburg. Danach siehe b) aus Berlin kommend.<\/span><\/p>\n<p style=\"text-align: justify;\"><span style=\"color: #000080;\"><strong>aus Norden kommend:<\/strong> BAB A 7 Abfahrt Neum\u00fcnster S\u00fcd auf die B 205 Richtung Bad Segeberg. Dann auf die BAB A 21 Richtung Hamburg. Weiter auf die A 1 Richtung Hamburg. Abfahrt Ahrensburg. Danach siehe b) aus Berlin kommend.<\/span><\/p>\n","protected":false},"excerpt":{"rendered":"<p>Hier findest du uns: Moorredder 59, in 22359 Hamburg-Volksdorf, gegen\u00fcber vom Naturfreibad. Am einfachsten erreichst du uns a) aus Hamburg kommend: B 75 Richtung Ahrensburg\/L\u00fcbeck. Nach dem Ortsschild Ahrensburg links in den Bornkampsweg (an der Ecke ist ein Griechisches Restaurant). Nach dem Ortsschild Hamburg erste Stra\u00dfe rechts in den Moorredder. \u00dcber die n\u00e4chste Kreuzung nach [&hellip;]<\/p>\n","protected":false},"author":5,"featured_media":0,"parent":415,"menu_order":1,"comment_status":"closed","ping_status":"closed","template":"","meta":{"footnotes":""},"class_list":["post-360","page","type-page","status-publish","hentry"],"_links":{"self":[{"href":"https:\/\/www.ghv-walddoerfer.de\/web\/wp-json\/wp\/v2\/pages\/360","targetHints":{"allow":["GET"]}}],"collection":[{"href":"https:\/\/www.ghv-walddoerfer.de\/web\/wp-json\/wp\/v2\/pages"}],"about":[{"href":"https:\/\/www.ghv-walddoerfer.de\/web\/wp-json\/wp\/v2\/types\/page"}],"author":[{"embeddable":true,"href":"https:\/\/www.ghv-walddoerfer.de\/web\/wp-json\/wp\/v2\/users\/5"}],"replies":[{"embeddable":true,"href":"https:\/\/www.ghv-walddoerfer.de\/web\/wp-json\/wp\/v2\/comments?post=360"}],"version-history":[{"count":10,"href":"https:\/\/www.ghv-walddoerfer.de\/web\/wp-json\/wp\/v2\/pages\/360\/revisions"}],"predecessor-version":[{"id":1646,"href":"https:\/\/www.ghv-walddoerfer.de\/web\/wp-json\/wp\/v2\/pages\/360\/revisions\/1646"}],"up":[{"embeddable":true,"href":"https:\/\/www.ghv-walddoerfer.de\/web\/wp-json\/wp\/v2\/pages\/415"}],"wp:attachment":[{"href":"https:\/\/www.ghv-walddoerfer.de\/web\/wp-json\/wp\/v2\/media?parent=360"}],"curies":[{"name":"wp","href":"https:\/\/api.w.org\/{rel}","templated":true}]}}