{"id":415,"date":"2017-03-22T22:59:29","date_gmt":"2017-03-22T21:59:29","guid":{"rendered":"http:\/\/www.ghv-walddoerfer.de\/web\/?page_id=415"},"modified":"2021-10-10T13:32:30","modified_gmt":"2021-10-10T11:32:30","slug":"impressum-2","status":"publish","type":"page","link":"https:\/\/www.ghv-walddoerfer.de\/web\/impressum-2\/","title":{"rendered":"Impressum"},"content":{"rendered":"<p class=\"entry-title\"><strong><span style=\"color: #000080;\">Angaben gem\u00e4\u00df \u00a7 5 TMG:<\/span><\/strong><\/p>\n<div class=\"entry-content\">\n<p><span style=\"color: #000080;\">GHV Waldd\u00f6rfer e. V.<\/span><br \/>\n<span style=\"color: #000080;\">Moorredder 59<\/span><br \/>\n<span style=\"color: #000080;\">22359 Hamburg<\/span><\/p>\n<p><span style=\"color: #000080;\">Vertreten durch\u00a0<\/span><span style=\"color: #000080;\">durch den Vorstand:<\/span><\/p>\n<p><span style=\"color: #000080;\">Julia Kaiser,\u00a0<\/span><span style=\"color: #000080;\">1. Vorsitzende<\/span><\/p>\n<p><strong><span style=\"color: #000080;\">Kontakt<\/span><\/strong><br \/>\n<span style=\"color: #000080;\">Tel. +49 40 603 50 78<\/span><br \/>\n<span style=\"color: #000080;\">E-Mail: info(at)ghv-walddoerfer.de<\/span><br \/>\n<span style=\"color: #000080;\">Internet: www.ghv-walddoerfer.de<\/span><\/p>\n<p><span style=\"color: #000080;\">Registereintrag<\/span><br \/>\n<span style=\"color: #000080;\">Eintragung im Vereinsregister<\/span><br \/>\n<span style=\"color: #000080;\">Registergericht: Amtsgericht Hamburg<\/span><br \/>\n<span style=\"color: #000080;\">Registernummer: 5726<\/span><\/p>\n<p><span style=\"color: #000080;\">Webdesign und technische Realisation:<\/span><br \/>\n<span style=\"color: #000080;\">WebTeam des GHV-Waldd\u00f6rfer<\/span><br \/>\n<span style=\"color: #000080;\">Copyright \u00a9 2018 Inhalt, Texte &amp; Bilder GHV Waldd\u00f6rfer e. V., vertreten durch den Vorstand.<\/span><\/p>\n<p><strong><span style=\"color: #000080;\">Haftungsausschluss:<\/span><\/strong><\/p>\n<p><span style=\"color: #000080;\">Haftung f\u00fcr Inhalte<\/span><\/p>\n<p style=\"text-align: justify;\"><span style=\"color: #000080;\">Die Inhalte unserer Seiten wurden mit gr\u00f6\u00dfter Sorgfalt erstellt. F\u00fcr die Richtigkeit, Vollst\u00e4ndigkeit und Aktualit\u00e4t der Inhalte k\u00f6nnen wir jedoch keine Gew\u00e4hr \u00fcbernehmen. Als Dienstanbieter sind wir gem\u00e4\u00df \u00a7 7 Abs.1 TMG f\u00fcr eigene Inhalte auf diesen Seiten nach den allgemeinen Gesetzen verantwortlich. Nach \u00a7\u00a7 8 bis 10 TMG sind wir als Dienstanbieter jedoch nicht verpflichtet, \u00fcbermittelte oder gespeicherte fremde Informationen zu \u00fcberwachen oder nach Umst\u00e4nden zu forschen, die auf eine rechtswidrige T\u00e4tigkeit hinweisen. Verpflichtungen zur Entfernung oder Sperrung der Nutzung von Informationen nach den allgemeinen Gesetzen bleiben hiervon unber\u00fchrt. Eine diesbez\u00fcgliche Haftung ist jedoch erst ab dem Zeitpunkt der Kenntnis einer konkreten Rechtsverletzung m\u00f6glich. Bei Bekanntwerden von entsprechenden Rechtsverletzungen werden wir diese Inhalte umgehend entfernen.<\/span><\/p>\n<p><span style=\"color: #000080;\">Haftung f\u00fcr Links<\/span><\/p>\n<p style=\"text-align: justify;\"><span style=\"color: #000080;\">Unser Angebot enth\u00e4lt Links zu externen Webseiten Dritter, auf deren Inhalte wir keinen Einfluss haben. Deshalb k\u00f6nnen wir f\u00fcr diese fremden Inhalte auch keine Gew\u00e4hr \u00fcbernehmen. F\u00fcr die Inhalte der verlinkten Seiten ist stets der jeweilige Anbieter oder Betreiber der Seiten verantwortlich. Die verlinkten Seiten wurden zum Zeitpunkt der Verlinkung auf m\u00f6gliche Rechtsverst\u00f6\u00dfe \u00fcberpr\u00fcft. Rechtswidrige Inhalte waren zum Zeitpunkt der Verlinkung nicht erkennbar. Eine permanente inhaltliche Kontrolle der verlinkten Seiten ist jedoch ohne konkrete Anhaltspunkte einer Rechtsverletzung nicht zumutbar. Bei Bekanntwerden von Rechtsverletzungen werden wir derartige Links umgehend entfernen.<\/span><\/p>\n<p><span style=\"color: #000080;\">Urheberrecht<\/span><\/p>\n<p style=\"text-align: justify;\"><span style=\"color: #000080;\">Die durch die Seitenbetreiber erstellten Inhalte und Werke auf diesen Seiten unterliegen dem deutschen Urheberrecht. Die Vervielf\u00e4ltigung, Bearbeitung, Verbreitung und jede Art der Verwertung au\u00dferhalb der Grenzen des Urheberrechtes bed\u00fcrfen der schriftlichen Zustimmung des jeweiligen Autors bzw. Erstellers. Downloads und Kopien dieser Seite sind nur f\u00fcr den privaten, nicht kommerziellen Gebrauch gestattet. Soweit die Inhalte auf dieser Seite nicht vom Betreiber erstellt wurden, werden die Urheberrechte Dritter beachtet. Insbesondere werden Inhalte Dritter als solche gekennzeichnet. Sollten Sie trotzdem auf eine Urheberrechtsverletzung aufmerksam werden, bitten wir um einen entsprechenden Hinweis. Bei Bekanntwerden von Rechtsverletzungen werden wir derartige Inhalte umgehend entfernen.<\/span><\/p>\n<p style=\"text-align: justify;\"><span style=\"color: #000080;\">Datenschutz<\/span><\/p>\n<p style=\"text-align: justify;\"><span style=\"color: #000080;\">Die Nutzung unserer Webseite ist in der Regel ohne Angabe personenbezogener Daten m\u00f6glich. Soweit auf unseren Seiten personenbezogene Daten (beispielsweise Name, Anschrift oder eMail-Adressen) erhoben werden, erfolgt dies, soweit m\u00f6glich, stets auf freiwilliger Basis. Diese Daten werden ohne Ihre ausdr\u00fcckliche Zustimmung nicht an Dritte weitergegeben.<\/span><\/p>\n<p style=\"text-align: justify;\"><span style=\"color: #000080;\">Wir weisen darauf hin, dass die Daten\u00fcbertragung im Internet (z.B. bei der Kommunikation per E-Mail) Sicherheitsl\u00fccken aufweisen kann. Ein l\u00fcckenloser Schutz der Daten vor dem Zugriff durch Dritte ist nicht m\u00f6glich.<\/span><\/p>\n<p style=\"text-align: justify;\"><span style=\"color: #000080;\">Der Nutzung von im Rahmen der Impressumspflicht ver\u00f6ffentlichten Kontaktdaten durch Dritte zur \u00dcbersendung von nicht ausdr\u00fccklich angeforderter Werbung und Informationsmaterialien wird hiermit ausdr\u00fccklich widersprochen. Die Betreiber der Seiten behalten sich ausdr\u00fccklich rechtliche Schritte im Falle der unverlangten Zusendung von Werbeinformationen, etwa durch Spam-Mails, vor.<\/span><\/p>\n<p style=\"text-align: justify;\"><span style=\"color: #000080;\">Quelle: Disclaimervon eRecht24, dem Portal zum Internetrecht von RechtsanwaltS\u00f6ren Siebert.<\/span><\/p>\n<\/div>\n","protected":false},"excerpt":{"rendered":"<p>Angaben gem\u00e4\u00df \u00a7 5 TMG: GHV Waldd\u00f6rfer e. V. Moorredder 59 22359 Hamburg Vertreten durch\u00a0durch den Vorstand: Julia Kaiser,\u00a01. Vorsitzende Kontakt Tel. +49 40 603 50 78 E-Mail: info(at)ghv-walddoerfer.de Internet: www.ghv-walddoerfer.de Registereintrag Eintragung im Vereinsregister Registergericht: Amtsgericht Hamburg Registernummer: 5726 Webdesign und technische Realisation: WebTeam des GHV-Waldd\u00f6rfer Copyright \u00a9 2018 Inhalt, Texte &amp; Bilder GHV [&hellip;]<\/p>\n","protected":false},"author":5,"featured_media":0,"parent":0,"menu_order":7,"comment_status":"closed","ping_status":"closed","template":"","meta":{"footnotes":""},"class_list":["post-415","page","type-page","status-publish","hentry"],"_links":{"self":[{"href":"https:\/\/www.ghv-walddoerfer.de\/web\/wp-json\/wp\/v2\/pages\/415","targetHints":{"allow":["GET"]}}],"collection":[{"href":"https:\/\/www.ghv-walddoerfer.de\/web\/wp-json\/wp\/v2\/pages"}],"about":[{"href":"https:\/\/www.ghv-walddoerfer.de\/web\/wp-json\/wp\/v2\/types\/page"}],"author":[{"embeddable":true,"href":"https:\/\/www.ghv-walddoerfer.de\/web\/wp-json\/wp\/v2\/users\/5"}],"replies":[{"embeddable":true,"href":"https:\/\/www.ghv-walddoerfer.de\/web\/wp-json\/wp\/v2\/comments?post=415"}],"version-history":[{"count":6,"href":"https:\/\/www.ghv-walddoerfer.de\/web\/wp-json\/wp\/v2\/pages\/415\/revisions"}],"predecessor-version":[{"id":2755,"href":"https:\/\/www.ghv-walddoerfer.de\/web\/wp-json\/wp\/v2\/pages\/415\/revisions\/2755"}],"wp:attachment":[{"href":"https:\/\/www.ghv-walddoerfer.de\/web\/wp-json\/wp\/v2\/media?parent=415"}],"curies":[{"name":"wp","href":"https:\/\/api.w.org\/{rel}","templated":true}]}}