{"id":78,"date":"2017-03-03T18:57:39","date_gmt":"2017-03-03T17:57:39","guid":{"rendered":"http:\/\/www.ghv-walddoerfer.de\/web\/?page_id=78"},"modified":"2025-08-24T16:40:58","modified_gmt":"2025-08-24T14:40:58","slug":"sportarten","status":"publish","type":"page","link":"https:\/\/www.ghv-walddoerfer.de\/web\/sportarten\/","title":{"rendered":"Sportarten"},"content":{"rendered":"<p style=\"text-align: justify;\"><strong><span style=\"color: #000080;\">Hier findest du eine kurze Vorstellung der Sportarten, die wir anbieten:<\/span><\/strong><\/p>\n<p style=\"text-align: left;\"><span style=\"color: #000080;\"><span style=\"font-size: revert;\">F\u00fcr die sportliche Menschen und Hunde ist der <\/span><span style=\"text-decoration: underline;\"><a style=\"color: #000080; text-decoration: underline;\" href=\"http:\/\/www.ghv-walddoerfer.de\/web\/sportarten\/ths\/\">Turnierhundsport<\/a><\/span><span style=\"font-size: revert;\"> eine tolle Auslastung. Bei der Leichtathletik mit Hund ist neben der Geschwindigkeit auch Pr\u00e4zision von Hund und\u00a0 Hundef\u00fchrer gefordert. Neben der Unterordnung und dem Gel\u00e4ndelauf im Einzelwettbewerb ist auch der Mannschaftsgeist gefragt. Beim Gel\u00e4ndelauf, dem Canicross\u00a0 zieht der Hund den L\u00e4ufer an einer elastischen Leine, beide tragen entsprechende Ausr\u00fcstung. Der Hund ein Zuggeschirr, der Mensch einen Zugg\u00fcrtel.<\/span><\/span><\/p>\n<p style=\"text-align: justify;\"><span style=\"color: #000080;\"><span style=\"font-size: revert;\">Im <\/span><span style=\"text-decoration: underline;\"><a style=\"color: #000080; text-decoration: underline;\" href=\"http:\/\/www.ghv-walddoerfer.de\/web\/sportarten\/obedience\/\">Obedience<\/a>\u00a0<\/span><span style=\"font-size: revert;\">wird hoher Wert auf pr\u00e4zise Zusammenarbeit mit dem Vierbeiner gelegt. Exakte Beinarbeit, apportieren, verweisen in die Box und andere knifflige Aufgaben stehen auf dem Programm. Nicht umsonst spricht man bei dieser Hundesportart gerne von der &#8222;hohen Schule der Unterordnung&#8220;.<\/span><\/span><\/p>\n<p style=\"text-align: justify;\"><span style=\"color: #000080;\"><span style=\"font-size: revert;\">Nicht weniger anspruchsvoll ist das &#8222;Schilder lesen&#8220; im <\/span><span style=\"text-decoration: underline;\"><a style=\"color: #000080; text-decoration: underline;\" href=\"http:\/\/www.ghv-walddoerfer.de\/web\/sportarten\/rally-obedience\/\">Rally Obedience<\/a><\/span><span style=\"font-size: revert;\">. Bei dieser Sportart ist neben der Merkf\u00e4higkeit des Hundef\u00fchrers ebenfalls eine pr\u00e4zise Ausf\u00fchrung der \u00dcbungen an den einzelnen Stationen notwendig. Unterschiedliche Schwierigkeitsgrade immer wieder neue Parcoure mit jeweils rund 20-25 unterschiedlichen Schilder bzw. Stationen sind eine echte Herausforderung.<\/span><\/span><\/p>\n<p style=\"text-align: justify;\"><span style=\"color: #000080;\"><span style=\"font-size: revert;\">Beim <\/span><span style=\"text-decoration: underline;\"><a style=\"color: #000080; text-decoration: underline;\" href=\"http:\/\/www.ghv-walddoerfer.de\/web\/sportarten\/faehrten\/\">F\u00e4hrten<\/a><\/span><span style=\"font-size: revert;\"> beweist der Hund, was seine Nase alles kann. Beim F\u00e4hrten verfolgt der Hund mit tiefer Nase eine Spur. Dabei soll er, auf der Spur ausgelegte Gegenst\u00e4nde finden und verweisen. Die Art und Weise der Suche wird vorher ge\u00fcbt und gefestigt.<\/span><\/span><\/p>\n<p><span style=\"color: #000080;\">Im Rahmen der Sparte Gebrauchshundsport erlernen die Hunde beim\u00a0<span style=\"text-decoration: underline;\"><a style=\"color: #000080; text-decoration: underline;\" href=\"http:\/\/www.ghv-walddoerfer.de\/web\/ausbildung\/ausbilder\/grundgehorsam\/\">IBGH<\/a><\/span>\u00a0z.B. das Apportieren eines Bringholzes sowohl auf ebener Erde als auch \u00fcber eine Schr\u00e4gwand. Au\u00dferdem werden Sitz\/Platz\/Stehen aus der Bewegung sowie das Voraussenden trainiert.<\/span><\/p>\n<p><span style=\"color: #000080;\">Beim <a href=\"https:\/\/www.ghv-walddoerfer.de\/web\/hoopers\/\" target=\"_blank\" rel=\"noopener\">Hoopers<\/a> gilt es, einen Hindernisparcours zu durchlaufen. Der Parcours besteht aus Hoops (B\u00f6gen), Tunnel, Tonnen, Pylonen, Slalom und Gates (Z\u00e4une). Anders als im Agility-Parcours muss der Hund nicht springen, der Hundef\u00fchrer geht auch nicht mit sondern bleibt in einem definierten Bereich. Der Hund wird durch Sicht- und H\u00f6rzeichen sowie K\u00f6rpersprache durch den Parcours geleitet.\u00a0<\/span><\/p>\n<hr \/>\n<p><strong>Weiterf\u00fchrende Informationen findest du auch beim DVG, Deutscher Verband der Gebrauchshundsportvereine. Nutze gerne den folgenden Link:<\/strong><\/p>\n<p><em><a href=\"https:\/\/www.dvg-hundesport.de\/home\/sportarten.17b.de.html\" target=\"_blank\" rel=\"noopener\">https:\/\/www.dvg-hundesport.de\/home\/sportarten.17b.de.html<\/a><\/em><\/p>\n\n\n<p><\/p>\n","protected":false},"excerpt":{"rendered":"<p>Hier findest du eine kurze Vorstellung der Sportarten, die wir anbieten: F\u00fcr die sportliche Menschen und Hunde ist der Turnierhundsport eine tolle Auslastung. Bei der Leichtathletik mit Hund ist neben der Geschwindigkeit auch Pr\u00e4zision von Hund und\u00a0 Hundef\u00fchrer gefordert. Neben der Unterordnung und dem Gel\u00e4ndelauf im Einzelwettbewerb ist auch der Mannschaftsgeist gefragt. Beim Gel\u00e4ndelauf, dem [&hellip;]<\/p>\n","protected":false},"author":5,"featured_media":0,"parent":0,"menu_order":3,"comment_status":"closed","ping_status":"closed","template":"","meta":{"footnotes":""},"class_list":["post-78","page","type-page","status-publish","hentry"],"_links":{"self":[{"href":"https:\/\/www.ghv-walddoerfer.de\/web\/wp-json\/wp\/v2\/pages\/78","targetHints":{"allow":["GET"]}}],"collection":[{"href":"https:\/\/www.ghv-walddoerfer.de\/web\/wp-json\/wp\/v2\/pages"}],"about":[{"href":"https:\/\/www.ghv-walddoerfer.de\/web\/wp-json\/wp\/v2\/types\/page"}],"author":[{"embeddable":true,"href":"https:\/\/www.ghv-walddoerfer.de\/web\/wp-json\/wp\/v2\/users\/5"}],"replies":[{"embeddable":true,"href":"https:\/\/www.ghv-walddoerfer.de\/web\/wp-json\/wp\/v2\/comments?post=78"}],"version-history":[{"count":56,"href":"https:\/\/www.ghv-walddoerfer.de\/web\/wp-json\/wp\/v2\/pages\/78\/revisions"}],"predecessor-version":[{"id":3167,"href":"https:\/\/www.ghv-walddoerfer.de\/web\/wp-json\/wp\/v2\/pages\/78\/revisions\/3167"}],"wp:attachment":[{"href":"https:\/\/www.ghv-walddoerfer.de\/web\/wp-json\/wp\/v2\/media?parent=78"}],"curies":[{"name":"wp","href":"https:\/\/api.w.org\/{rel}","templated":true}]}}