{"id":81,"date":"2017-03-03T19:01:56","date_gmt":"2017-03-03T18:01:56","guid":{"rendered":"http:\/\/www.ghv-walddoerfer.de\/web\/?page_id=81"},"modified":"2023-07-28T13:08:41","modified_gmt":"2023-07-28T11:08:41","slug":"faehrten","status":"publish","type":"page","link":"https:\/\/www.ghv-walddoerfer.de\/web\/sportarten\/faehrten\/","title":{"rendered":"F\u00e4hrten"},"content":{"rendered":"\n<p><span style=\"color: #000080;\"><b>F\u00e4hrtenarbeit im GHV Waldd\u00f6rfer<\/b><\/span><\/p>\n\n\n\n<figure class=\"wp-block-image is-resized\"><img loading=\"lazy\" decoding=\"async\" src=\"https:\/\/www.ghv-walddoerfer.de\/wp-content\/uploads\/2017\/03\/20160821_091459-1024x683.jpg\" alt=\"\" class=\"wp-image-131\" width=\"578\" height=\"384\"\/><\/figure>\n\n\n\n<p class=\"has-text-align-left\">Die F\u00e4hrtengruppe des GHV Waldd\u00f6rfer trifft sich jeden Sonntagmorgen im Norden Hamburgs im Gel\u00e4nde, um dort ihre Hunde in der Sucharbeit auszubilden. <span style=\"color: #000080;\">Die Nase, der Geruchssinn, ist zweifellos das leistungsf\u00e4higste Sinnesorgan des Hundes. Der Deutsche Sch\u00e4ferhund besitzt z.B. ca. 220 Millionen Riechzellen, der Mensch hingegen nur ca. 5 Millionen, wobei beim Hund die Informationen der Riechzellen einzeln und beim Mensch geb\u00fcndelt ans Gehirn weitergegeben werden. Dies beweist, was f\u00fcr ein Spezialist der Hund auf dem Gebiet des Suchens ist. Diese ihm gegebene F\u00e4higkeit nutzen wir. Das angeborene Verhalten des Suchens, um Nahrung aufzusp\u00fcren oder Kontakt zu anderen Artgenossen herzustellen, bildet die Grundlage unserer Ausbildung.<\/span><\/p>\n\n\n\n<p><span style=\"color: #000080;\"><\/span><\/p>\n\n\n\n<p><span style=\"color: #000080;\">Im Rahmen der Ausbildung soll der Hund lernen, einer menschlichen Spur, die von einem F\u00e4hrtenleger begangen wird, zu folgen. Hierbei soll er nicht der tats\u00e4chlichen Geruchsspur des Menschen, also die vom Wind abdriftet, sondern den Fu\u00dfabdr\u00fccken des Menschen und somit der mechanischen Spur mit tiefer Nase folgen. Der Hund lernt somit die besch\u00e4digte Erdoberfl\u00e4che, zertretene Pflanzen und Kleinstlebewesen, also die Mikroorganismen im Boden wahrzunehmen.<\/span><\/p>\n\n\n\n<p><span style=\"color: #000080;\">Beim F\u00e4hrten wird der Hund an den Beginn (Abgang) einer menschlichen Spur gef\u00fchrt , nimmt nach dem Kommando \u201eSuch\u201c die Witterung intensiv auf und folgt der F\u00e4hrte an einer 10 Meter langen Leine. Die auf der Spur abgelegten Gegenst\u00e4nde verweist der Hund durch Stehen, Sitzen oder Liegen und zeigt so seinem Hundef\u00fchrer an, dass er einen \u201everlorenen\u201c Gegenstand gefunden hat.<\/span><\/p>\n\n\n\n<p><span style=\"color: #000080;\">Eine menschliche F\u00e4hrte im Hundesport besteht je nach Ausbildungsstand des Hundes aus einer unterschiedlichen Anzahl von Winkeln, B\u00f6gen, Gel\u00e4ndewechseln, Verleitungen (d.h. eine frische Spur kreuzt die gelegte F\u00e4hrte) und abgelegten Gegenst\u00e4nden. Die Liegezeit, d.h. vom Zeitpunkt des Legens bis zum Zeitpunkt des Absuchens, betr\u00e4gt mind. 20 Minuten und h\u00f6chstens drei Stunden. F\u00e4hrtenl\u00e4nge, 300 bis 1800 Schritt je nach Ausbildungsstand.<\/span><\/p>\n\n\n\n<p><span style=\"color: #000080;\">F\u00e4hrtenarbeit ist eine der artgerechtesten Ausbildungsformen f\u00fcr den Hund. Als Team arbeitet der Hundef\u00fchrer mit seinem Hund in der freien Natur auf Wiesen und Feldern bei Wind und Wetter. Die unabh\u00e4ngigen Trainingszeiten, die Arbeit in der Gruppe oder mit seinem Hund allein, sind die Vorteile dieser Ausbildungsform. Ein richtig ausgebildeter F\u00e4hrtenhund sucht in einem Abstand von 10 Metern zu seinem Menschen bis zu 40 Minuten selbstst\u00e4ndig, motiviert &#8211; ohne Hilfe oder Einwirkung. Die Bindung und das Vertrauen, welches zwischen Hund und Hundef\u00fchrer entsteht, ist nicht zu beschreiben.<\/span><\/p>\n\n\n\n<p><span style=\"text-decoration: underline; color: #000080;\">Was wird f\u00fcr den Beginn einer Ausbildung ben\u00f6tigt:<\/span><\/p>\n\n\n\n<ul class=\"wp-block-list\"><li style=\"text-align: justify;\"><span style=\"color: #000080;\">Viele, viele kleine Leckerchen (ca. 5 x 5 x 5mm gro\u00df)<\/span><\/li><li><span style=\"color: #000080;\">Eine mind. 2m lange Leine<\/span><\/li><li><span style=\"color: #000080;\">Ein F\u00e4hrtenschild oder vorerst 2 Metallst\u00e4be (f\u00fcr gefrorenen Boden) f\u00fcr den Abgang der F\u00e4hrte<\/span><\/li><li><span style=\"color: #000080;\">Der Hundef\u00fchrer braucht: Gummistiefel und wetterfeste Kleidung<\/span><\/li><li><span style=\"color: #000080;\">Wasser f\u00fcr den Hund nach der Arbeit<\/span><\/li><li><span style=\"color: #000080;\">Ausbildungsstufen (Pr\u00fcfungen):&nbsp;<\/span><span style=\"color: #000080;\">F\u00e4hrtenpr\u00fcfung (Fpr) I bis III und die F\u00e4hrtenhundpr\u00fcfungen (FH) I und II<\/span><\/li><\/ul>\n\n\n\n<p>Die F\u00e4hrtengruppe wird von Anne, Katrin und Ute betreut.<\/p>\n\n\n\n<p><span style=\"color: #000080;\"><strong>Trainingszeiten:<\/strong><\/span><br><span style=\"color: #000080;\">Sonntags 9:30 \u2013 12:30 Uhr im wechselnden Au\u00dfengel\u00e4nde (wird immer rechtzeitig bekannt gegeben)<\/span><\/p>\n\n\n<div class=\"wp-block-image\">\n<figure class=\"alignleft size-large is-resized\"><a href=\"https:\/\/www.ghv-walddoerfer.de\/wp-content\/uploads\/2018\/10\/Katrin-e1539003181517.jpg\" rel=\"lightbox[81]\"><img loading=\"lazy\" decoding=\"async\" src=\"https:\/\/www.ghv-walddoerfer.de\/wp-content\/uploads\/2018\/10\/Katrin-768x1024.jpg\" alt=\"\" class=\"wp-image-1858\" width=\"253\" height=\"338\"\/><\/a><figcaption><strong>Katrin Wollny-Goerke <\/strong><br>Ausbilderin Jugendliche, GHS, THS<br> Mitglied seit 1998<br><\/figcaption><\/figure>\n<\/div>\n\n<div class=\"wp-block-image\">\n<figure class=\"alignleft size-full is-resized\"><a href=\"https:\/\/www.ghv-walddoerfer.de\/wp-content\/uploads\/2023\/05\/Ute_Foto-HP.jpg\" rel=\"lightbox[81]\"><img loading=\"lazy\" decoding=\"async\" src=\"https:\/\/www.ghv-walddoerfer.de\/wp-content\/uploads\/2023\/05\/Ute_Foto-HP.jpg\" alt=\"\" class=\"wp-image-2953\" width=\"252\" height=\"336\" srcset=\"https:\/\/www.ghv-walddoerfer.de\/wp-content\/uploads\/2023\/05\/Ute_Foto-HP.jpg 768w, https:\/\/www.ghv-walddoerfer.de\/wp-content\/uploads\/2023\/05\/Ute_Foto-HP-225x300.jpg 225w, https:\/\/www.ghv-walddoerfer.de\/wp-content\/uploads\/2023\/05\/Ute_Foto-HP-750x1000.jpg 750w\" sizes=\"auto, (max-width: 252px) 100vw, 252px\" \/><\/a><figcaption><strong>Ute Gro\u00df <\/strong><br>Ausbilderin Sonderf\u00e4lle, F\u00e4hrten <br>Mitglied seit 1997<\/figcaption><\/figure>\n<\/div>\n\n<div class=\"wp-block-image\">\n<figure class=\"alignleft size-full is-resized\"><a href=\"https:\/\/www.ghv-walddoerfer.de\/wp-content\/uploads\/2018\/09\/Anne.jpg\" rel=\"lightbox[81]\"><img loading=\"lazy\" decoding=\"async\" src=\"https:\/\/www.ghv-walddoerfer.de\/wp-content\/uploads\/2018\/09\/Anne.jpg\" alt=\"\" class=\"wp-image-1802\" width=\"266\" height=\"334\"\/><\/a><figcaption><strong>Anne Seeburg <\/strong><br>Ausbilderin F\u00e4hrten <br>Mitglied seit 2002<\/figcaption><\/figure>\n<\/div>","protected":false},"excerpt":{"rendered":"<p>F\u00e4hrtenarbeit im GHV Waldd\u00f6rfer Die F\u00e4hrtengruppe des GHV Waldd\u00f6rfer trifft sich jeden Sonntagmorgen im Norden Hamburgs im Gel\u00e4nde, um dort ihre Hunde in der Sucharbeit auszubilden. Die Nase, der Geruchssinn, ist zweifellos das leistungsf\u00e4higste Sinnesorgan des Hundes. Der Deutsche Sch\u00e4ferhund besitzt z.B. ca. 220 Millionen Riechzellen, der Mensch hingegen nur ca. 5 Millionen, wobei beim [&hellip;]<\/p>\n","protected":false},"author":5,"featured_media":131,"parent":78,"menu_order":1,"comment_status":"closed","ping_status":"closed","template":"","meta":{"footnotes":""},"class_list":["post-81","page","type-page","status-publish","has-post-thumbnail","hentry"],"_links":{"self":[{"href":"https:\/\/www.ghv-walddoerfer.de\/web\/wp-json\/wp\/v2\/pages\/81","targetHints":{"allow":["GET"]}}],"collection":[{"href":"https:\/\/www.ghv-walddoerfer.de\/web\/wp-json\/wp\/v2\/pages"}],"about":[{"href":"https:\/\/www.ghv-walddoerfer.de\/web\/wp-json\/wp\/v2\/types\/page"}],"author":[{"embeddable":true,"href":"https:\/\/www.ghv-walddoerfer.de\/web\/wp-json\/wp\/v2\/users\/5"}],"replies":[{"embeddable":true,"href":"https:\/\/www.ghv-walddoerfer.de\/web\/wp-json\/wp\/v2\/comments?post=81"}],"version-history":[{"count":39,"href":"https:\/\/www.ghv-walddoerfer.de\/web\/wp-json\/wp\/v2\/pages\/81\/revisions"}],"predecessor-version":[{"id":3008,"href":"https:\/\/www.ghv-walddoerfer.de\/web\/wp-json\/wp\/v2\/pages\/81\/revisions\/3008"}],"up":[{"embeddable":true,"href":"https:\/\/www.ghv-walddoerfer.de\/web\/wp-json\/wp\/v2\/pages\/78"}],"wp:featuredmedia":[{"embeddable":true,"href":"https:\/\/www.ghv-walddoerfer.de\/web\/wp-json\/wp\/v2\/media\/131"}],"wp:attachment":[{"href":"https:\/\/www.ghv-walddoerfer.de\/web\/wp-json\/wp\/v2\/media?parent=81"}],"curies":[{"name":"wp","href":"https:\/\/api.w.org\/{rel}","templated":true}]}}