{"id":835,"date":"2017-06-28T10:24:47","date_gmt":"2017-06-28T08:24:47","guid":{"rendered":"http:\/\/www.ghv-walddoerfer.de\/web\/?page_id=835"},"modified":"2024-08-26T20:47:29","modified_gmt":"2024-08-26T18:47:29","slug":"jugend","status":"publish","type":"page","link":"https:\/\/www.ghv-walddoerfer.de\/web\/jugend\/","title":{"rendered":"Jugend"},"content":{"rendered":"<div class=\"wp-block-image\">\n<figure class=\"alignleft\"><img loading=\"lazy\" decoding=\"async\" width=\"300\" height=\"169\" src=\"https:\/\/www.ghv-walddoerfer.de\/wp-content\/uploads\/2017\/03\/Britta-e1531727579184-300x169.jpg\" alt=\"\" class=\"wp-image-248\" srcset=\"https:\/\/www.ghv-walddoerfer.de\/wp-content\/uploads\/2017\/03\/Britta-e1531727579184-300x169.jpg 300w, https:\/\/www.ghv-walddoerfer.de\/wp-content\/uploads\/2017\/03\/Britta-e1531727579184.jpg 461w\" sizes=\"auto, (max-width: 300px) 100vw, 300px\" \/><\/figure>\n<\/div>\n\n\n<p><span style=\"color: #000080;\"><strong>Die Jugend im GHV-Waldd\u00f6rfer<\/strong><\/span><\/p>\n\n\n\n<p><span style=\"color: #000080;\">In der Jugendarbeit ist es das Ziel, Kindern und Jugendlichen Verantwortung und Sicherheit im Umgang mit dem Partner Hund zu vermitteln. Doch ist Jugendarbeit im Hundesport nicht nur Teilnahme an \u00dcbungsstunden, den Pr\u00fcfungen und Wettk\u00e4mpfen. Auch zahlreiche Veranstaltungen wie Ausfl\u00fcge, Wanderungen und Zeltlager sollen es den Jugendlichen erm\u00f6glichen, neue Freunde zu finden und sich in einem Verein zu engagieren.<\/span><\/p>\n\n\n\n<p><span style=\"color: #000080;\">Ob Erziehung f\u00fcr den Hausgebrauch oder aktiver Hundesport, der Spa\u00df kommt bestimmt nicht zu kurz.<\/span><\/p>\n\n\n\n<p><span style=\"color: #000080;\">Die rege Teilnahme an Ausfl\u00fcgen, Turnieren und Sportveranstaltungen sind ein Beleg f\u00fcr die Freude an der Arbeit mit dem Hund.<\/span><\/p>\n\n\n\n<p><span style=\"color: #000080;\">Die Jugendgruppe wird von Annett, Christine, Katrin, Mareike und Thorben betreut.<\/span><\/p>\n\n\n\n<p><strong><span style=\"color: #000080;\">Trainingszeiten:<\/span><\/strong><br><span style=\"color: #000080;\">Mittwochs 18:15 \u2013 19 Uhr<\/span><br><span style=\"color: #000080;\">Samstags 14 \u2013 15 Uhr<\/span><\/p>\n\n\n<div class=\"wp-block-image\">\n<figure class=\"alignleft is-resized\"><img loading=\"lazy\" decoding=\"async\" width=\"248\" height=\"300\" src=\"https:\/\/www.ghv-walddoerfer.de\/wp-content\/uploads\/2018\/10\/Katrin-e1539003181517-248x300.jpg\" alt=\"\" class=\"wp-image-1858\" style=\"width:219px;height:265px\" srcset=\"https:\/\/www.ghv-walddoerfer.de\/wp-content\/uploads\/2018\/10\/Katrin-e1539003181517-248x300.jpg 248w, https:\/\/www.ghv-walddoerfer.de\/wp-content\/uploads\/2018\/10\/Katrin-e1539003181517.jpg 684w\" sizes=\"auto, (max-width: 248px) 100vw, 248px\" \/><figcaption class=\"wp-element-caption\"><strong>Katrin Wollny-Goerke<\/strong> <br>Ausbilderin <br>Jugend, GHS, THS<br> Mitglied seit 1998<br><\/figcaption><\/figure>\n<\/div>\n\n<div class=\"wp-block-image wp-image-1428 size-full\">\n<figure class=\"alignleft is-resized\"><img loading=\"lazy\" decoding=\"async\" width=\"203\" height=\"264\" src=\"https:\/\/www.ghv-walddoerfer.de\/wp-content\/uploads\/2018\/07\/Annett.jpg\" alt=\"\" class=\"wp-image-1428\" style=\"width:205px;height:266px\"\/><figcaption class=\"wp-element-caption\"><strong>Annett Hauptmann<\/strong><br>Ausbilderin <br>Jugend, Rally Obedience<br>Mitglied seit 2016<\/figcaption><\/figure>\n<\/div>\n\n<div class=\"wp-block-image\">\n<figure class=\"alignleft is-resized\"><img loading=\"lazy\" decoding=\"async\" width=\"189\" height=\"300\" src=\"https:\/\/www.ghv-walddoerfer.de\/wp-content\/uploads\/2018\/08\/IMG_3136-189x300.jpg\" alt=\"\" class=\"wp-image-1768\" style=\"width:168px;height:266px\" srcset=\"https:\/\/www.ghv-walddoerfer.de\/wp-content\/uploads\/2018\/08\/IMG_3136-189x300.jpg 189w, https:\/\/www.ghv-walddoerfer.de\/wp-content\/uploads\/2018\/08\/IMG_3136-768x1217.jpg 768w, https:\/\/www.ghv-walddoerfer.de\/wp-content\/uploads\/2018\/08\/IMG_3136-646x1024.jpg 646w, https:\/\/www.ghv-walddoerfer.de\/wp-content\/uploads\/2018\/08\/IMG_3136-750x1189.jpg 750w\" sizes=\"auto, (max-width: 189px) 100vw, 189px\" \/><figcaption class=\"wp-element-caption\"><strong>Thorben Deppe<\/strong><br> Ausbilder <br>Jugend, Hoopers<br> Mitglied seit 2011<\/figcaption><\/figure>\n<\/div>\n\n<div class=\"wp-block-image\">\n<figure class=\"alignleft size-large is-resized\"><a href=\"https:\/\/www.ghv-walddoerfer.de\/wp-content\/uploads\/2023\/05\/Mareike_Foto-HP-scaled.jpg\" rel=\"lightbox[835]\"><img loading=\"lazy\" decoding=\"async\" width=\"768\" height=\"1024\" src=\"https:\/\/www.ghv-walddoerfer.de\/wp-content\/uploads\/2023\/05\/Mareike_Foto-HP-768x1024.jpg\" alt=\"\" class=\"wp-image-2957\" style=\"width:204px;height:271px\" srcset=\"https:\/\/www.ghv-walddoerfer.de\/wp-content\/uploads\/2023\/05\/Mareike_Foto-HP-768x1024.jpg 768w, https:\/\/www.ghv-walddoerfer.de\/wp-content\/uploads\/2023\/05\/Mareike_Foto-HP-225x300.jpg 225w, https:\/\/www.ghv-walddoerfer.de\/wp-content\/uploads\/2023\/05\/Mareike_Foto-HP-1152x1536.jpg 1152w, https:\/\/www.ghv-walddoerfer.de\/wp-content\/uploads\/2023\/05\/Mareike_Foto-HP-1536x2048.jpg 1536w, https:\/\/www.ghv-walddoerfer.de\/wp-content\/uploads\/2023\/05\/Mareike_Foto-HP-750x1000.jpg 750w, https:\/\/www.ghv-walddoerfer.de\/wp-content\/uploads\/2023\/05\/Mareike_Foto-HP-scaled.jpg 1920w\" sizes=\"auto, (max-width: 768px) 100vw, 768px\" \/><\/a><figcaption class=\"wp-element-caption\"><strong>Mareike Rehbock <\/strong><br>Ausbilderin <br>Jugendliche<br>Mitglied seit 2019<\/figcaption><\/figure>\n<\/div>","protected":false},"excerpt":{"rendered":"<p>Die Jugend im GHV-Waldd\u00f6rfer In der Jugendarbeit ist es das Ziel, Kindern und Jugendlichen Verantwortung und Sicherheit im Umgang mit dem Partner Hund zu vermitteln. Doch ist Jugendarbeit im Hundesport nicht nur Teilnahme an \u00dcbungsstunden, den Pr\u00fcfungen und Wettk\u00e4mpfen. Auch zahlreiche Veranstaltungen wie Ausfl\u00fcge, Wanderungen und Zeltlager sollen es den Jugendlichen erm\u00f6glichen, neue Freunde zu [&hellip;]<\/p>\n","protected":false},"author":5,"featured_media":0,"parent":0,"menu_order":0,"comment_status":"closed","ping_status":"closed","template":"","meta":{"footnotes":""},"class_list":["post-835","page","type-page","status-publish","hentry"],"_links":{"self":[{"href":"https:\/\/www.ghv-walddoerfer.de\/web\/wp-json\/wp\/v2\/pages\/835","targetHints":{"allow":["GET"]}}],"collection":[{"href":"https:\/\/www.ghv-walddoerfer.de\/web\/wp-json\/wp\/v2\/pages"}],"about":[{"href":"https:\/\/www.ghv-walddoerfer.de\/web\/wp-json\/wp\/v2\/types\/page"}],"author":[{"embeddable":true,"href":"https:\/\/www.ghv-walddoerfer.de\/web\/wp-json\/wp\/v2\/users\/5"}],"replies":[{"embeddable":true,"href":"https:\/\/www.ghv-walddoerfer.de\/web\/wp-json\/wp\/v2\/comments?post=835"}],"version-history":[{"count":31,"href":"https:\/\/www.ghv-walddoerfer.de\/web\/wp-json\/wp\/v2\/pages\/835\/revisions"}],"predecessor-version":[{"id":3065,"href":"https:\/\/www.ghv-walddoerfer.de\/web\/wp-json\/wp\/v2\/pages\/835\/revisions\/3065"}],"wp:attachment":[{"href":"https:\/\/www.ghv-walddoerfer.de\/web\/wp-json\/wp\/v2\/media?parent=835"}],"curies":[{"name":"wp","href":"https:\/\/api.w.org\/{rel}","templated":true}]}}