{"id":86,"date":"2017-03-03T19:02:50","date_gmt":"2017-03-03T18:02:50","guid":{"rendered":"http:\/\/www.ghv-walddoerfer.de\/web\/?page_id=86"},"modified":"2024-12-04T16:03:45","modified_gmt":"2024-12-04T15:03:45","slug":"ths","status":"publish","type":"page","link":"https:\/\/www.ghv-walddoerfer.de\/web\/sportarten\/ths\/","title":{"rendered":"Turnierhundsport"},"content":{"rendered":"<div class=\"wp-block-image\">\n<figure class=\"aligncenter\"><a href=\"http:\/\/www.ghv-walddoerfer.de\/web\/wp-content\/uploads\/2018\/07\/Logo_Hundesport-Mensch-Hund_neutral_blue_72dpi_RGB-0-50-140.jpg\" rel=\"lightbox[86]\"><img loading=\"lazy\" decoding=\"async\" width=\"273\" height=\"300\" src=\"http:\/\/www.ghv-walddoerfer.de\/web\/wp-content\/uploads\/2018\/07\/Logo_Hundesport-Mensch-Hund_neutral_blue_72dpi_RGB-0-50-140-273x300.jpg\" alt=\"\" class=\"wp-image-1513\" srcset=\"https:\/\/www.ghv-walddoerfer.de\/wp-content\/uploads\/2018\/07\/Logo_Hundesport-Mensch-Hund_neutral_blue_72dpi_RGB-0-50-140-273x300.jpg 273w, https:\/\/www.ghv-walddoerfer.de\/wp-content\/uploads\/2018\/07\/Logo_Hundesport-Mensch-Hund_neutral_blue_72dpi_RGB-0-50-140.jpg 282w\" sizes=\"auto, (max-width: 273px) 100vw, 273px\" \/><\/a><\/figure>\n<\/div>\n\n\n<p><span style=\"color: #000080;\">Turnierhundsport ist eine Freizeitbesch\u00e4ftigung die Mensch und Hund fordert. Weitere aktuelle News und interessante Beitr\u00e4ge zum Hundesport findet Ihr auf <a style=\"color: #000080;\" title=\"THS-News\" href=\"http:\/\/www.ghv-walddoerfer.de\/web\/ths-news\/\" target=\"_blank\" rel=\"noopener noreferrer\">THS-News<\/a>, einfach mal reinschauen.<\/span><\/p>\n\n\n\n<p><span style=\"color: #000080;\">Der Mensch ist gefordert, seinem Hund, bei allem notwendigen Gehorsam, auch den Spa\u00df am Sport zu vermitteln und zu erhalten. Im THS kommen viele Komponenten zusammen.&nbsp;Es geht um Geschwindigkeit beim 2000m oder 5000m Gel\u00e4ndelauf. Um Gehorsam in der Unterordnung des Vierkampfes und um beides in Kombination bei den Laufdisziplinen.&nbsp;Ein gewisser Grundgehorsam ist bei uns die Voraussetzung um am Training zum THS teilnehmen zu k\u00f6nnen. Au\u00dferdem muss der Hund mindestens ein knappes Jahr alt sein um voll in die Ger\u00e4tearbeit einsteigen zu k\u00f6nnen.<\/span><br><span style=\"color: #000080;\">Mit diesem Film wollen wir euch zeigen mit wie viel Leidenschaft, Spa\u00df und Hingabe man diesen wundervollen Sport mit seinem Partner Hund betreiben kann.<\/span><\/p>\n\n\n\n<p><\/p>\n\n\n\n<p><span style=\"color: #000080;\">Die Trainings werden von Rudi, Julia, Katja, Katrin und Kirsten betreut.<\/span><\/p>\n\n\n\n<p><span style=\"color: #000080;\"><strong>Trainingszeiten:<\/strong><\/span><br><span style=\"color: #000080;\">Mittwochs 17 \u2013 18:15 Uhr&nbsp;&nbsp;<\/span><br><span style=\"color: #000080;\">Donnerstags 18 \u2013 20 Uhr&nbsp;<\/span><br><span style=\"color: #000080;\">Samstags 16 \u2013 17:30 Uhr&nbsp;<\/span><\/p>\n\n\n<div class=\"wp-block-image\">\n<figure class=\"alignleft\"><img loading=\"lazy\" decoding=\"async\" width=\"240\" height=\"300\" src=\"https:\/\/www.ghv-walddoerfer.de\/wp-content\/uploads\/2018\/10\/WKC_Waldmeister-Kombi-Cup_2018-09-15-273-e1540381322742-240x300.jpg\" alt=\"\" class=\"wp-image-1956\" srcset=\"https:\/\/www.ghv-walddoerfer.de\/wp-content\/uploads\/2018\/10\/WKC_Waldmeister-Kombi-Cup_2018-09-15-273-e1540381322742-240x300.jpg 240w, https:\/\/www.ghv-walddoerfer.de\/wp-content\/uploads\/2018\/10\/WKC_Waldmeister-Kombi-Cup_2018-09-15-273-e1540381322742-768x961.jpg 768w, https:\/\/www.ghv-walddoerfer.de\/wp-content\/uploads\/2018\/10\/WKC_Waldmeister-Kombi-Cup_2018-09-15-273-e1540381322742-818x1024.jpg 818w, https:\/\/www.ghv-walddoerfer.de\/wp-content\/uploads\/2018\/10\/WKC_Waldmeister-Kombi-Cup_2018-09-15-273-e1540381322742-750x939.jpg 750w\" sizes=\"auto, (max-width: 240px) 100vw, 240px\" \/><figcaption class=\"wp-element-caption\"><strong>Katja Jedlitschka<\/strong> <br>Ausbilderin <br>Turnierhundsport <br>Mitglied seit 2011<\/figcaption><\/figure>\n<\/div>\n\n<div class=\"wp-block-image\">\n<figure class=\"alignleft is-resized\"><img loading=\"lazy\" decoding=\"async\" width=\"248\" height=\"300\" src=\"https:\/\/www.ghv-walddoerfer.de\/wp-content\/uploads\/2018\/10\/Katrin-e1539003181517-248x300.jpg\" alt=\"\" class=\"wp-image-1858\" style=\"width:248px;height:299px\" srcset=\"https:\/\/www.ghv-walddoerfer.de\/wp-content\/uploads\/2018\/10\/Katrin-e1539003181517-248x300.jpg 248w, https:\/\/www.ghv-walddoerfer.de\/wp-content\/uploads\/2018\/10\/Katrin-e1539003181517.jpg 684w\" sizes=\"auto, (max-width: 248px) 100vw, 248px\" \/><figcaption class=\"wp-element-caption\"><strong>Katrin Wollny-Goerke<\/strong> <br>Ausbilderin <br>Jugendliche, GHS, THS<br> Mitglied seit 1998<br><\/figcaption><\/figure>\n<\/div>\n\n<div class=\"wp-block-image\">\n<figure class=\"alignleft is-resized\"><img loading=\"lazy\" decoding=\"async\" width=\"404\" height=\"558\" src=\"https:\/\/www.ghv-walddoerfer.de\/wp-content\/uploads\/2018\/10\/Rudi_Paolo.jpg\" alt=\"\" class=\"wp-image-1880\" style=\"aspect-ratio:0.7266187050359713;width:217px;height:auto\" srcset=\"https:\/\/www.ghv-walddoerfer.de\/wp-content\/uploads\/2018\/10\/Rudi_Paolo.jpg 404w, https:\/\/www.ghv-walddoerfer.de\/wp-content\/uploads\/2018\/10\/Rudi_Paolo-217x300.jpg 217w\" sizes=\"auto, (max-width: 404px) 100vw, 404px\" \/><figcaption class=\"wp-element-caption\"><strong>R\u00fcdiger Rolappe<\/strong> <br>Ausbilderassistent <br>THS, St\u00f6bern, F\u00e4hrten<br> Mitglied seit 2009<br><\/figcaption><\/figure>\n<\/div>\n\n<div class=\"wp-block-image wp-image-1676\">\n<figure class=\"alignleft is-resized\"><img loading=\"lazy\" decoding=\"async\" width=\"269\" height=\"300\" src=\"https:\/\/www.ghv-walddoerfer.de\/wp-content\/uploads\/2018\/08\/DSC_0179-e1534160096718-269x300.jpg\" alt=\"\" class=\"wp-image-1676\" style=\"width:247px;height:275px\" srcset=\"https:\/\/www.ghv-walddoerfer.de\/wp-content\/uploads\/2018\/08\/DSC_0179-e1534160096718-269x300.jpg 269w, https:\/\/www.ghv-walddoerfer.de\/wp-content\/uploads\/2018\/08\/DSC_0179-e1534160096718-768x858.jpg 768w, https:\/\/www.ghv-walddoerfer.de\/wp-content\/uploads\/2018\/08\/DSC_0179-e1534160096718-750x838.jpg 750w, https:\/\/www.ghv-walddoerfer.de\/wp-content\/uploads\/2018\/08\/DSC_0179-e1534160096718.jpg 769w\" sizes=\"auto, (max-width: 269px) 100vw, 269px\" \/><figcaption class=\"wp-element-caption\"><strong>Kirsten Lemmermann<\/strong><br>Ausbilderin <br>Turnierhundsport<br>Mitglied seit 2011<\/figcaption><\/figure>\n<\/div>\n\n<div class=\"wp-block-image\">\n<figure class=\"alignleft size-large is-resized\"><a href=\"https:\/\/www.ghv-walddoerfer.de\/wp-content\/uploads\/2024\/12\/DSC_0201.jpg\" rel=\"lightbox[86]\"><img loading=\"lazy\" decoding=\"async\" width=\"858\" height=\"1024\" src=\"https:\/\/www.ghv-walddoerfer.de\/wp-content\/uploads\/2024\/12\/DSC_0201-858x1024.jpg\" alt=\"\" class=\"wp-image-3077\" style=\"width:238px;height:273px\" srcset=\"https:\/\/www.ghv-walddoerfer.de\/wp-content\/uploads\/2024\/12\/DSC_0201-858x1024.jpg 858w, https:\/\/www.ghv-walddoerfer.de\/wp-content\/uploads\/2024\/12\/DSC_0201-251x300.jpg 251w, https:\/\/www.ghv-walddoerfer.de\/wp-content\/uploads\/2024\/12\/DSC_0201-768x917.jpg 768w, https:\/\/www.ghv-walddoerfer.de\/wp-content\/uploads\/2024\/12\/DSC_0201-750x895.jpg 750w, https:\/\/www.ghv-walddoerfer.de\/wp-content\/uploads\/2024\/12\/DSC_0201.jpg 862w\" sizes=\"auto, (max-width: 858px) 100vw, 858px\" \/><\/a><figcaption class=\"wp-element-caption\"><strong>Julia Kaiser<\/strong><br>Ausbilderin THS, GHS,  Grundausbildung<br>Mitglied seit 2015<\/figcaption><\/figure>\n<\/div>","protected":false},"excerpt":{"rendered":"<p>Turnierhundsport ist eine Freizeitbesch\u00e4ftigung die Mensch und Hund fordert. Weitere aktuelle News und interessante Beitr\u00e4ge zum Hundesport findet Ihr auf THS-News, einfach mal reinschauen. Der Mensch ist gefordert, seinem Hund, bei allem notwendigen Gehorsam, auch den Spa\u00df am Sport zu vermitteln und zu erhalten. Im THS kommen viele Komponenten zusammen.&nbsp;Es geht um Geschwindigkeit beim 2000m [&hellip;]<\/p>\n","protected":false},"author":5,"featured_media":0,"parent":78,"menu_order":6,"comment_status":"closed","ping_status":"closed","template":"","meta":{"footnotes":""},"class_list":["post-86","page","type-page","status-publish","hentry"],"_links":{"self":[{"href":"https:\/\/www.ghv-walddoerfer.de\/web\/wp-json\/wp\/v2\/pages\/86","targetHints":{"allow":["GET"]}}],"collection":[{"href":"https:\/\/www.ghv-walddoerfer.de\/web\/wp-json\/wp\/v2\/pages"}],"about":[{"href":"https:\/\/www.ghv-walddoerfer.de\/web\/wp-json\/wp\/v2\/types\/page"}],"author":[{"embeddable":true,"href":"https:\/\/www.ghv-walddoerfer.de\/web\/wp-json\/wp\/v2\/users\/5"}],"replies":[{"embeddable":true,"href":"https:\/\/www.ghv-walddoerfer.de\/web\/wp-json\/wp\/v2\/comments?post=86"}],"version-history":[{"count":65,"href":"https:\/\/www.ghv-walddoerfer.de\/web\/wp-json\/wp\/v2\/pages\/86\/revisions"}],"predecessor-version":[{"id":3079,"href":"https:\/\/www.ghv-walddoerfer.de\/web\/wp-json\/wp\/v2\/pages\/86\/revisions\/3079"}],"up":[{"embeddable":true,"href":"https:\/\/www.ghv-walddoerfer.de\/web\/wp-json\/wp\/v2\/pages\/78"}],"wp:attachment":[{"href":"https:\/\/www.ghv-walddoerfer.de\/web\/wp-json\/wp\/v2\/media?parent=86"}],"curies":[{"name":"wp","href":"https:\/\/api.w.org\/{rel}","templated":true}]}}