{"id":883,"date":"2017-06-28T11:08:55","date_gmt":"2017-06-28T09:08:55","guid":{"rendered":"http:\/\/www.ghv-walddoerfer.de\/web\/?page_id=883"},"modified":"2026-03-08T17:13:52","modified_gmt":"2026-03-08T16:13:52","slug":"grundgehorsam","status":"publish","type":"page","link":"https:\/\/www.ghv-walddoerfer.de\/web\/ausbildung\/ausbilder\/grundgehorsam\/","title":{"rendered":"IBGH"},"content":{"rendered":"\n<p><span style=\"color: #000080;\">Seit dem 01.05.2016 gibt es im DVG die Pr\u00fcfungsordnung f\u00fcr die internationale Begleithundepr\u00fcfung 1 bis 3 (IBGH 1-3).&nbsp;Hierbei handelt es sich um eine reine Unterordnungspr\u00fcfung<\/span>.&nbsp;<span style=\"color: #000080;\">Die drei Stufen der IBGH bauen aufeinander auf.&nbsp;Voraussetzung f\u00fcr die Teilnahme an der Pr\u00fcfung ist die erfolgreich absolvierte Begleithundpr\u00fcfung (BH\/VT).&nbsp;<\/span><\/p>\n\n\n\n<p><\/p>\n\n\n\n<p><span style=\"color: #000080;\">Verlangt wird ein Laufschema mit folgenden Abwandlungen:<\/span><\/p>\n\n\n\n<p><span style=\"color: #000080;\"><strong>IBGH 1:<\/strong> Leinenf\u00fchrigkeit \/ Freifolge, die \u00dcbungen Sitz und Ablegen in Verbindung mit Herankommen erfolgen aus der Bewegung<\/span> oder aus der Grundstellung.<\/p>\n\n\n\n<p><span style=\"color: #000080;\"><strong>IBGH 2:<\/strong><\/span> <span style=\"color: #000080;\">Leinenf\u00fchrigkeit \/ Freifolge, dazu kommen das ebenerdige Apportieren eines Bringholzes und das Vorausschicken mit Hinlegen<\/span>.<\/p>\n\n\n\n<p class=\"has-text-color\" style=\"color:#0071a1\"><span style=\"color: #000080;\"><strong>IBGH 3:<\/strong> diese Pr\u00fcfungsstufe erfolgt nur noch in der Freifolge, d.h. ohne Leine. Es kommen zus\u00e4tzlich Stehenbleiben aus der Bewegung und Apportieren eines Bringholzes \u00fcber die Schr\u00e4gwand (140cm) hinzu. Au\u00dferdem wird die Abfolge der geforderten \u00dcbungen vom Leistungsrichter per Los ermittelt. <\/span><\/p>\n\n\n\n<p><\/p>\n\n\n\n<p><span style=\"color: #000080;\">Das Ablegen unter Ablenkung ist ebenfalls Bestandteil jeder IBGH-Pr\u00fcfung.&nbsp;<\/span><\/p>\n\n\n\n<p><\/p>\n\n\n\n<p>Das IBGH-Training wird in zwei eigenst\u00e4ndigen Gruppen durchgef\u00fchr<span style=\"color: #000080;\">t<\/span>. Eine Gruppe wird von Tobias und Julia und eine Gruppe von Thomas betreut.<\/p>\n\n\n\n<p><span style=\"color: #000080;\"><strong>Trainingszeiten:<\/strong><\/span><br><span style=\"color: #000080;\"><strong>Mittwochs: <\/strong>20 &#8211; 20:30 Uhr bei Tobias und Julia. Von 20:30 bis 21 Uhr bei Thomas.\u00a0<\/span><br><span style=\"color: #000080;\"><strong>Samstags:<\/strong> Uhrzeit nach Abstimmung bei Tobias und Julia. Von 14:30 bis 15 Uhr<\/span> bei Thomas.<\/p>\n\n\n<div class=\"wp-block-image\">\n<figure class=\"alignleft size-full is-resized\"><a href=\"https:\/\/www.ghv-walddoerfer.de\/wp-content\/uploads\/2025\/05\/Foto-Jule-und-Tobi.jpg\" rel=\"lightbox[883]\"><img loading=\"lazy\" decoding=\"async\" width=\"590\" height=\"686\" src=\"https:\/\/www.ghv-walddoerfer.de\/wp-content\/uploads\/2025\/05\/Foto-Jule-und-Tobi.jpg\" alt=\"\" class=\"wp-image-3137\" style=\"width:336px;height:auto\" srcset=\"https:\/\/www.ghv-walddoerfer.de\/wp-content\/uploads\/2025\/05\/Foto-Jule-und-Tobi.jpg 590w, https:\/\/www.ghv-walddoerfer.de\/wp-content\/uploads\/2025\/05\/Foto-Jule-und-Tobi-258x300.jpg 258w\" sizes=\"auto, (max-width: 590px) 100vw, 590px\" \/><\/a><figcaption class=\"wp-element-caption\"><strong>Julia Kaiser<\/strong><br>Ausbilderin THS, GHS, Grundausbildung<br>Mitglied seit 2015<br><br><strong>Tobias Kaiser<\/strong><br>Ausbilder GHS, Grundausbildung<br>Mitglied seit 2016<\/figcaption><\/figure>\n<\/div>\n\n<div class=\"wp-block-image\">\n<figure class=\"alignleft is-resized\"><img decoding=\"async\" src=\"https:\/\/www.ghv-walddoerfer.de\/wp-content\/uploads\/2019\/09\/Thommy-e1569145960252-191x300.jpg\" alt=\"\" class=\"wp-image-2388\" style=\"aspect-ratio:0.6349693251533742;width:249px;height:auto\"\/><figcaption class=\"wp-element-caption\"><strong>Thomas Borgmann <\/strong> <br>Ausbilder BGH<br>Mitglied seit 2017<\/figcaption><\/figure>\n<\/div>","protected":false},"excerpt":{"rendered":"<p>Seit dem 01.05.2016 gibt es im DVG die Pr\u00fcfungsordnung f\u00fcr die internationale Begleithundepr\u00fcfung 1 bis 3 (IBGH 1-3).&nbsp;Hierbei handelt es sich um eine reine Unterordnungspr\u00fcfung.&nbsp;Die drei Stufen der IBGH bauen aufeinander auf.&nbsp;Voraussetzung f\u00fcr die Teilnahme an der Pr\u00fcfung ist die erfolgreich absolvierte Begleithundpr\u00fcfung (BH\/VT).&nbsp; Verlangt wird ein Laufschema mit folgenden Abwandlungen: IBGH 1: Leinenf\u00fchrigkeit \/ [&hellip;]<\/p>\n","protected":false},"author":5,"featured_media":0,"parent":867,"menu_order":3,"comment_status":"closed","ping_status":"closed","template":"","meta":{"footnotes":""},"class_list":["post-883","page","type-page","status-publish","hentry"],"_links":{"self":[{"href":"https:\/\/www.ghv-walddoerfer.de\/web\/wp-json\/wp\/v2\/pages\/883","targetHints":{"allow":["GET"]}}],"collection":[{"href":"https:\/\/www.ghv-walddoerfer.de\/web\/wp-json\/wp\/v2\/pages"}],"about":[{"href":"https:\/\/www.ghv-walddoerfer.de\/web\/wp-json\/wp\/v2\/types\/page"}],"author":[{"embeddable":true,"href":"https:\/\/www.ghv-walddoerfer.de\/web\/wp-json\/wp\/v2\/users\/5"}],"replies":[{"embeddable":true,"href":"https:\/\/www.ghv-walddoerfer.de\/web\/wp-json\/wp\/v2\/comments?post=883"}],"version-history":[{"count":34,"href":"https:\/\/www.ghv-walddoerfer.de\/web\/wp-json\/wp\/v2\/pages\/883\/revisions"}],"predecessor-version":[{"id":3197,"href":"https:\/\/www.ghv-walddoerfer.de\/web\/wp-json\/wp\/v2\/pages\/883\/revisions\/3197"}],"up":[{"embeddable":true,"href":"https:\/\/www.ghv-walddoerfer.de\/web\/wp-json\/wp\/v2\/pages\/867"}],"wp:attachment":[{"href":"https:\/\/www.ghv-walddoerfer.de\/web\/wp-json\/wp\/v2\/media?parent=883"}],"curies":[{"name":"wp","href":"https:\/\/api.w.org\/{rel}","templated":true}]}}