{"id":895,"date":"2017-06-29T11:01:03","date_gmt":"2017-06-29T09:01:03","guid":{"rendered":"http:\/\/www.ghv-walddoerfer.de\/web\/?page_id=895"},"modified":"2026-04-12T18:39:20","modified_gmt":"2026-04-12T16:39:20","slug":"junghundausbildung","status":"publish","type":"page","link":"https:\/\/www.ghv-walddoerfer.de\/web\/ausbildung\/junghundausbildung\/","title":{"rendered":"Grundausbildung I (Junghunde)"},"content":{"rendered":"\n<p><span style=\"color: #000080;\">Bis zur Vollendung des 6. Lebensmonats bleiben die Hunde meist in der Welpengruppe, danach geht es in die Junghund-Ausbildung.&nbsp;<\/span><\/p>\n\n\n\n<p><span style=\"color: #000080;\">Hier werden in kleinen Gruppen spielerisch Grundgehorsam, wie zum Beispiel die Leinenf\u00fchrigkeit erarbeitet. Auch das Queren einer Gruppe unter Ablenkung ist f\u00fcr die Junghunde eine gro\u00dfe Herausforderung. Hier werden mit den Fachkenntnissen unserer Ausbilder, Mensch und Hund an die Aufgaben herangef\u00fchrt, so dass eine harmonische Zusammenarbeit stattfinden kann.<\/span><\/p>\n\n\n\n<p><span style=\"color: #000080;\">Das \u00dcbungsprogramm ist sehr abwechslungsreich. Neben den \u00dcbungen mit dem Hund finden auch Fragen zur Haltung des Hundes und zur Ern\u00e4hrung ihre Antworten.<\/span><\/p>\n\n\n\n<p><span style=\"color: #000080;\">F\u00fcr ein kostenloses Probetraining vereinbarst du mit uns am besten einen Termin unter&nbsp;<strong><a href=\"http:\/\/www.ghv-walddoerfer.de\/web\/impressum-2\/kontakt\/\">Kontakt<\/a><\/strong>. Dann nehmen sich die Ausbilder Zeit, um dir alles Wesentliche zu erkl\u00e4ren und die ersten Trainingsschritte aufzubauen. Bitte bringe zu diesem Termin den Impfausweis sowie den Nachweis einer Hundehalterhaftpflichtversicherung mit.<\/span><\/p>\n\n\n\n<p><span style=\"color: #000080;\">Die Junghunde-Gruppe wird von Jen<\/span>s, <span style=\"color: #000080;\">Jessica, Ulrike und <\/span>Yanine <span style=\"color: #000080;\">betreut.<\/span><\/p>\n\n\n\n<p><span style=\"color: #000080;\"><strong>Trainingszeiten:<\/strong><\/span><br><span style=\"color: #000080;\">Mittwochs 18:30 bis 19:15 Uhr&nbsp;<\/span><br><span style=\"color: #000080;\">Samstags 15 bis 16 Uhr&nbsp;<\/span><\/p>\n\n\n<div class=\"wp-block-image\">\n<figure class=\"aligncenter size-full is-resized\"><a href=\"https:\/\/www.ghv-walddoerfer.de\/wp-content\/uploads\/2018\/07\/Jessica.png\" rel=\"lightbox[895]\"><img decoding=\"async\" src=\"https:\/\/www.ghv-walddoerfer.de\/wp-content\/uploads\/2018\/07\/Jessica-e1534162606407.png\" alt=\"\" class=\"wp-image-1431\" style=\"width:273px;height:auto\"\/><\/a><figcaption class=\"wp-element-caption\"><strong>Jessica Mirbach<\/strong> <br>Ausbilderin Grundausbildung Mitglied seit 2014<\/figcaption><\/figure>\n<\/div>\n\n<div class=\"wp-block-image\">\n<figure class=\"aligncenter size-large is-resized\"><a href=\"https:\/\/www.ghv-walddoerfer.de\/wp-content\/uploads\/2019\/01\/Ulrike-e1548012808820.jpg\" rel=\"lightbox[895]\"><img loading=\"lazy\" decoding=\"async\" width=\"1024\" height=\"946\" src=\"https:\/\/www.ghv-walddoerfer.de\/wp-content\/uploads\/2019\/01\/Ulrike-e1548012808820-1024x946.jpg\" alt=\"\" class=\"wp-image-2109\" style=\"width:271px;height:auto\" srcset=\"https:\/\/www.ghv-walddoerfer.de\/wp-content\/uploads\/2019\/01\/Ulrike-e1548012808820-1024x946.jpg 1024w, https:\/\/www.ghv-walddoerfer.de\/wp-content\/uploads\/2019\/01\/Ulrike-e1548012808820-300x277.jpg 300w, https:\/\/www.ghv-walddoerfer.de\/wp-content\/uploads\/2019\/01\/Ulrike-e1548012808820-768x710.jpg 768w, https:\/\/www.ghv-walddoerfer.de\/wp-content\/uploads\/2019\/01\/Ulrike-e1548012808820-750x693.jpg 750w\" sizes=\"auto, (max-width: 1024px) 100vw, 1024px\" \/><\/a><figcaption class=\"wp-element-caption\"><strong>Ulrike Rode<\/strong><br>Ausbilderin Grundausbildung<br>Mitglied seit 2011<\/figcaption><\/figure>\n<\/div>\n\n<div class=\"wp-block-image\">\n<figure class=\"aligncenter size-full is-resized\"><a href=\"https:\/\/www.ghv-walddoerfer.de\/wp-content\/uploads\/2026\/04\/Yanine1_2020.jpg\" rel=\"lightbox[895]\"><img loading=\"lazy\" decoding=\"async\" width=\"326\" height=\"444\" src=\"https:\/\/www.ghv-walddoerfer.de\/wp-content\/uploads\/2026\/04\/Yanine1_2020.jpg\" alt=\"\" class=\"wp-image-3217\" style=\"width:286px;height:auto\" srcset=\"https:\/\/www.ghv-walddoerfer.de\/wp-content\/uploads\/2026\/04\/Yanine1_2020.jpg 326w, https:\/\/www.ghv-walddoerfer.de\/wp-content\/uploads\/2026\/04\/Yanine1_2020-220x300.jpg 220w\" sizes=\"auto, (max-width: 326px) 100vw, 326px\" \/><\/a><figcaption class=\"wp-element-caption\"><strong>Yanine Clau\u00df<\/strong><br>Ausbilderin Grundausbildung<br>Mitglied seit 2020<\/figcaption><\/figure>\n<\/div>\n\n<div class=\"wp-block-image\">\n<figure class=\"aligncenter size-large is-resized\"><a href=\"https:\/\/www.ghv-walddoerfer.de\/wp-content\/uploads\/2022\/11\/Screenshot_20221102-082953.png\" rel=\"lightbox[895]\"><img loading=\"lazy\" decoding=\"async\" width=\"1024\" height=\"1024\" src=\"https:\/\/www.ghv-walddoerfer.de\/wp-content\/uploads\/2022\/11\/Screenshot_20221102-082953-1024x1024.png\" alt=\"\" class=\"wp-image-2888\" style=\"width:278px;height:auto\" srcset=\"https:\/\/www.ghv-walddoerfer.de\/wp-content\/uploads\/2022\/11\/Screenshot_20221102-082953-1024x1024.png 1024w, https:\/\/www.ghv-walddoerfer.de\/wp-content\/uploads\/2022\/11\/Screenshot_20221102-082953-300x300.png 300w, https:\/\/www.ghv-walddoerfer.de\/wp-content\/uploads\/2022\/11\/Screenshot_20221102-082953-100x100.png 100w, https:\/\/www.ghv-walddoerfer.de\/wp-content\/uploads\/2022\/11\/Screenshot_20221102-082953-768x767.png 768w, https:\/\/www.ghv-walddoerfer.de\/wp-content\/uploads\/2022\/11\/Screenshot_20221102-082953-750x749.png 750w, https:\/\/www.ghv-walddoerfer.de\/wp-content\/uploads\/2022\/11\/Screenshot_20221102-082953.png 1080w\" sizes=\"auto, (max-width: 1024px) 100vw, 1024px\" \/><\/a><figcaption class=\"wp-element-caption\"><strong>Jens Lehfeld<\/strong><br>Ausbilder Grundausbildung<br>Mitglied seit 2020<\/figcaption><\/figure>\n<\/div>","protected":false},"excerpt":{"rendered":"<p>Bis zur Vollendung des 6. Lebensmonats bleiben die Hunde meist in der Welpengruppe, danach geht es in die Junghund-Ausbildung.&nbsp; Hier werden in kleinen Gruppen spielerisch Grundgehorsam, wie zum Beispiel die Leinenf\u00fchrigkeit erarbeitet. Auch das Queren einer Gruppe unter Ablenkung ist f\u00fcr die Junghunde eine gro\u00dfe Herausforderung. Hier werden mit den Fachkenntnissen unserer Ausbilder, Mensch und [&hellip;]<\/p>\n","protected":false},"author":5,"featured_media":0,"parent":122,"menu_order":6,"comment_status":"closed","ping_status":"closed","template":"","meta":{"footnotes":""},"class_list":["post-895","page","type-page","status-publish","hentry"],"_links":{"self":[{"href":"https:\/\/www.ghv-walddoerfer.de\/web\/wp-json\/wp\/v2\/pages\/895","targetHints":{"allow":["GET"]}}],"collection":[{"href":"https:\/\/www.ghv-walddoerfer.de\/web\/wp-json\/wp\/v2\/pages"}],"about":[{"href":"https:\/\/www.ghv-walddoerfer.de\/web\/wp-json\/wp\/v2\/types\/page"}],"author":[{"embeddable":true,"href":"https:\/\/www.ghv-walddoerfer.de\/web\/wp-json\/wp\/v2\/users\/5"}],"replies":[{"embeddable":true,"href":"https:\/\/www.ghv-walddoerfer.de\/web\/wp-json\/wp\/v2\/comments?post=895"}],"version-history":[{"count":64,"href":"https:\/\/www.ghv-walddoerfer.de\/web\/wp-json\/wp\/v2\/pages\/895\/revisions"}],"predecessor-version":[{"id":3219,"href":"https:\/\/www.ghv-walddoerfer.de\/web\/wp-json\/wp\/v2\/pages\/895\/revisions\/3219"}],"up":[{"embeddable":true,"href":"https:\/\/www.ghv-walddoerfer.de\/web\/wp-json\/wp\/v2\/pages\/122"}],"wp:attachment":[{"href":"https:\/\/www.ghv-walddoerfer.de\/web\/wp-json\/wp\/v2\/media?parent=895"}],"curies":[{"name":"wp","href":"https:\/\/api.w.org\/{rel}","templated":true}]}}