{"id":90,"date":"2017-03-03T19:04:50","date_gmt":"2017-03-03T18:04:50","guid":{"rendered":"http:\/\/www.ghv-walddoerfer.de\/web\/?page_id=90"},"modified":"2024-12-04T15:46:22","modified_gmt":"2024-12-04T14:46:22","slug":"rally-obedience","status":"publish","type":"page","link":"https:\/\/www.ghv-walddoerfer.de\/web\/sportarten\/rally-obedience\/","title":{"rendered":"Rally Obedience"},"content":{"rendered":"<p><a href=\"https:\/\/www.ghv-walddoerfer.de\/wp-content\/uploads\/2018\/07\/DVG-Logo-2011-innen-RO-e1532342537631.png\" rel=\"lightbox[90]\"><img loading=\"lazy\" decoding=\"async\" class=\"alignleft size-medium wp-image-1475\" src=\"https:\/\/www.ghv-walddoerfer.de\/wp-content\/uploads\/2018\/07\/DVG-Logo-2011-innen-RO-300x300.png\" alt=\"\" width=\"300\" height=\"300\" \/><\/a><\/p>\n<p><span style=\"color: #000080;\">Beim Rally Obedience geht es ruhiger zu als zum Beispiel im THS. Hier geht es in erster Linie um den Grundgehorsam, jedoch nicht so streng wie im klassischen\u00a0Obedience.\u00a0Dabei ist die Geschicklichkeit sowie die Zeit ein Faktor der anspornt, die gestellten Aufgaben und \u00dcbungen schnell und korrekt auszuf\u00fchren.<\/span><\/p>\n<p><span style=\"color: #000080;\">Wer sich f\u00fcr diese tolle Sportart mit seinem Hund interessiert kommt am besten zu uns und \u00fcberzeugt sich davon, welchen Spa\u00df es bringt gemeinsam mit dem Hund, den Parcours zu bew\u00e4ltigen.<\/span><\/p>\n<p><span style=\"color: #000080;\">Im Rally Obedience werden, ebenso wie im Obedience, der Grund\u00adge\u00adhor\u00adsam gefragt, als auch das aus\u00adge\u00adwo\u00adgene Zusam\u00admen\u00adspiel zwi\u00adschen Hund und Hal\u00adter. Anhand ver\u00adschie\u00adde\u00adner Sta\u00adtio\u00adnen wer\u00adden dem Mensch-Hund-Team in einem Parcours unter\u00adschied\u00adli\u00adche Auf\u00adga\u00adben abver\u00adlangt.<\/span><\/p>\n<p><span style=\"color: #000080; font-size: inherit;\"><a href=\"https:\/\/www.ghv-walddoerfer.de\/wp-content\/uploads\/2017\/06\/RO-Schilder-960-x-345.jpg\" rel=\"lightbox[90]\"><img loading=\"lazy\" decoding=\"async\" class=\"alignleft size-medium wp-image-810\" src=\"https:\/\/www.ghv-walddoerfer.de\/wp-content\/uploads\/2017\/06\/RO-Schilder-960-x-345-300x108.jpg\" alt=\"\" width=\"300\" height=\"108\" srcset=\"https:\/\/www.ghv-walddoerfer.de\/wp-content\/uploads\/2017\/06\/RO-Schilder-960-x-345-300x108.jpg 300w, https:\/\/www.ghv-walddoerfer.de\/wp-content\/uploads\/2017\/06\/RO-Schilder-960-x-345-768x276.jpg 768w, https:\/\/www.ghv-walddoerfer.de\/wp-content\/uploads\/2017\/06\/RO-Schilder-960-x-345.jpg 959w\" sizes=\"auto, (max-width: 300px) 100vw, 300px\" \/><\/a>Egal, ob es eine einfache Sitz\u00fcbung, eine 360\u00b0-Wende samt Hund oder ein Hindernis mit H\u00fcrden zu \u00fcberwinden gilt, Geschicklichkeit ist allemal gefragt. Das Loben w\u00e4hrend einer \u00dcbung und das Locken mit zahlreichen netten Gesten sind anfangs erlaubt und sogar bei einem Turnier in den unteren Klassen gestattet. Speziell f\u00fcr \u00e4ltere Hunde, also die Seniorenklasse eignet sich diese Sportart, da auch im Turnier auf deren Handicaps R\u00fccksicht genommen wird.<\/span><\/p>\n<p><span style=\"color: #000080;\">Die Rally Obedience-Gruppe wird von Annett, Julia und Irene betreut.<\/span><\/p>\n<p><strong><span style=\"color: #000080;\">Trainingszeiten:<\/span><\/strong><\/p>\n<p><span style=\"color: #000080;\">Mit<\/span><span style=\"color: #000080;\">twochs: 19:15 &#8211; 20:30 Uhr (inkl. Aufbau des Parcours)<\/span><\/p>\n<p><span style=\"color: #000080;\">Samstags: 12:30 bis 14 Uhr (inkl. Aufbau des Parcours)<\/span><\/p>\n\n\n<figure class=\"wp-block-image size-large is-resized\"><a href=\"https:\/\/www.ghv-walddoerfer.de\/wp-content\/uploads\/2023\/07\/Julia-G-mit-Lilly.jpg\" rel=\"lightbox[90]\"><img loading=\"lazy\" decoding=\"async\" width=\"842\" height=\"1024\" src=\"https:\/\/www.ghv-walddoerfer.de\/wp-content\/uploads\/2023\/07\/Julia-G-mit-Lilly-842x1024.jpg\" alt=\"\" class=\"wp-image-3016\" style=\"width:252px;height:auto\" srcset=\"https:\/\/www.ghv-walddoerfer.de\/wp-content\/uploads\/2023\/07\/Julia-G-mit-Lilly-842x1024.jpg 842w, https:\/\/www.ghv-walddoerfer.de\/wp-content\/uploads\/2023\/07\/Julia-G-mit-Lilly-247x300.jpg 247w, https:\/\/www.ghv-walddoerfer.de\/wp-content\/uploads\/2023\/07\/Julia-G-mit-Lilly-768x934.jpg 768w, https:\/\/www.ghv-walddoerfer.de\/wp-content\/uploads\/2023\/07\/Julia-G-mit-Lilly-750x912.jpg 750w, https:\/\/www.ghv-walddoerfer.de\/wp-content\/uploads\/2023\/07\/Julia-G-mit-Lilly.jpg 888w\" sizes=\"auto, (max-width: 842px) 100vw, 842px\" \/><\/a><figcaption class=\"wp-element-caption\"><strong>Julia Garbers <\/strong><br>Ausbilderin Rally Obedience <br>Mitglied seit 2021<\/figcaption><\/figure>\n\n\n<div class=\"wp-block-image\">\n<figure class=\"alignleft size-large\"><img loading=\"lazy\" decoding=\"async\" width=\"203\" height=\"264\" src=\"https:\/\/www.ghv-walddoerfer.de\/wp-content\/uploads\/2018\/07\/Annett.jpg\" alt=\"\" class=\"wp-image-1428\"\/><figcaption class=\"wp-element-caption\"><strong>Annett Hauptmann <\/strong><br>Ausbilderin <br>Rally Obedience, <br>Jugendliche <br>Mitglied seit 2016<\/figcaption><\/figure>\n<\/div>\n\n<div class=\"wp-block-image\">\n<figure class=\"alignleft size-full is-resized\"><a href=\"https:\/\/www.ghv-walddoerfer.de\/wp-content\/uploads\/2022\/09\/image.png\" rel=\"lightbox[90]\"><img loading=\"lazy\" decoding=\"async\" width=\"1016\" height=\"861\" src=\"https:\/\/www.ghv-walddoerfer.de\/wp-content\/uploads\/2022\/09\/image.png\" alt=\"\" class=\"wp-image-2865\" style=\"width:281px;height:238px\" srcset=\"https:\/\/www.ghv-walddoerfer.de\/wp-content\/uploads\/2022\/09\/image.png 1016w, https:\/\/www.ghv-walddoerfer.de\/wp-content\/uploads\/2022\/09\/image-300x254.png 300w, https:\/\/www.ghv-walddoerfer.de\/wp-content\/uploads\/2022\/09\/image-768x651.png 768w, https:\/\/www.ghv-walddoerfer.de\/wp-content\/uploads\/2022\/09\/image-750x636.png 750w\" sizes=\"auto, (max-width: 1016px) 100vw, 1016px\" \/><\/a><figcaption class=\"wp-element-caption\"><strong>Irene Finckenstein <\/strong><br>Ausbilderassistentin <br>Rally Obedience <br>Mitglied seit 2018<\/figcaption><\/figure>\n<\/div>","protected":false},"excerpt":{"rendered":"<p>Beim Rally Obedience geht es ruhiger zu als zum Beispiel im THS. Hier geht es in erster Linie um den Grundgehorsam, jedoch nicht so streng wie im klassischen\u00a0Obedience.\u00a0Dabei ist die Geschicklichkeit sowie die Zeit ein Faktor der anspornt, die gestellten Aufgaben und \u00dcbungen schnell und korrekt auszuf\u00fchren. Wer sich f\u00fcr diese tolle Sportart mit seinem [&hellip;]<\/p>\n","protected":false},"author":5,"featured_media":1475,"parent":78,"menu_order":3,"comment_status":"closed","ping_status":"closed","template":"","meta":{"footnotes":""},"class_list":["post-90","page","type-page","status-publish","has-post-thumbnail","hentry"],"_links":{"self":[{"href":"https:\/\/www.ghv-walddoerfer.de\/web\/wp-json\/wp\/v2\/pages\/90","targetHints":{"allow":["GET"]}}],"collection":[{"href":"https:\/\/www.ghv-walddoerfer.de\/web\/wp-json\/wp\/v2\/pages"}],"about":[{"href":"https:\/\/www.ghv-walddoerfer.de\/web\/wp-json\/wp\/v2\/types\/page"}],"author":[{"embeddable":true,"href":"https:\/\/www.ghv-walddoerfer.de\/web\/wp-json\/wp\/v2\/users\/5"}],"replies":[{"embeddable":true,"href":"https:\/\/www.ghv-walddoerfer.de\/web\/wp-json\/wp\/v2\/comments?post=90"}],"version-history":[{"count":49,"href":"https:\/\/www.ghv-walddoerfer.de\/web\/wp-json\/wp\/v2\/pages\/90\/revisions"}],"predecessor-version":[{"id":3075,"href":"https:\/\/www.ghv-walddoerfer.de\/web\/wp-json\/wp\/v2\/pages\/90\/revisions\/3075"}],"up":[{"embeddable":true,"href":"https:\/\/www.ghv-walddoerfer.de\/web\/wp-json\/wp\/v2\/pages\/78"}],"wp:featuredmedia":[{"embeddable":true,"href":"https:\/\/www.ghv-walddoerfer.de\/web\/wp-json\/wp\/v2\/media\/1475"}],"wp:attachment":[{"href":"https:\/\/www.ghv-walddoerfer.de\/web\/wp-json\/wp\/v2\/media?parent=90"}],"curies":[{"name":"wp","href":"https:\/\/api.w.org\/{rel}","templated":true}]}}