{"id":902,"date":"2017-06-29T11:05:11","date_gmt":"2017-06-29T09:05:11","guid":{"rendered":"http:\/\/www.ghv-walddoerfer.de\/web\/?page_id=902"},"modified":"2026-04-12T18:40:09","modified_gmt":"2026-04-12T16:40:09","slug":"fortgeschrittene","status":"publish","type":"page","link":"https:\/\/www.ghv-walddoerfer.de\/web\/ausbildung\/fortgeschrittene\/","title":{"rendered":"Grundausbildung II (Fortgeschrittene)"},"content":{"rendered":"\n<p><span style=\"color: #000080;\">Wer mit seinem Hund schon Kenntnisse im Grundgehorsam erworben hat, kann diese in unserer Fortgeschrittenen-Gruppe festigen und weiter ausbauen. Die Trainingsziele sind z. B. das Laufen bei Fu\u00df, die Arbeit in der Gruppe, das F\u00fchren des Hundes mit und ohne Leine oder das Ablegen des Hundes.<\/span><\/p>\n\n\n\n<p><span style=\"color: #000080;\">Auch wer sich auf die Begleithundpr\u00fcfung vorbereiten m\u00f6chte, erwirbt hier erste wichtige Kenntnisse, bevor es zur Pr\u00fcfungsvorbereitung in die BH-Gruppe geht.<\/span><\/p>\n\n\n\n<p><span style=\"color: #000080;\">Besonderen Wert legen wir darauf, dass die Bindung des Mensch\/Hund-Teams vertieft und der Hund mit positiver Best\u00e4tigung (Spielzeug\/Leckerli\/Clicker) belohnt wird.<\/span><\/p>\n\n\n\n<p><span style=\"color: #000080;\">Die Fortgeschrittenen-Gruppe wird von Christine, Julia, Petra und Tobias betreut.<\/span><\/p>\n\n\n\n<p><span style=\"color: #000080;\"><strong>Trainingszeiten:<\/strong><\/span><br><span style=\"color: #000080;\">Mittwochs 19 bis 20 Uhr&nbsp;<\/span><br><span style=\"color: #000080;\">Samstags 15 bis 16 Uhr<\/span><\/p>\n\n\n<div class=\"wp-block-image\">\n<figure class=\"aligncenter size-full is-resized\"><a href=\"https:\/\/www.ghv-walddoerfer.de\/wp-content\/uploads\/2022\/10\/IMG-20221013-WA0001.jpg\" rel=\"lightbox[902]\"><img loading=\"lazy\" decoding=\"async\" width=\"768\" height=\"1024\" src=\"https:\/\/www.ghv-walddoerfer.de\/wp-content\/uploads\/2022\/10\/IMG-20221013-WA0001.jpg\" alt=\"Christine\" class=\"wp-image-2880\" style=\"width:295px;height:auto\" srcset=\"https:\/\/www.ghv-walddoerfer.de\/wp-content\/uploads\/2022\/10\/IMG-20221013-WA0001.jpg 768w, https:\/\/www.ghv-walddoerfer.de\/wp-content\/uploads\/2022\/10\/IMG-20221013-WA0001-225x300.jpg 225w, https:\/\/www.ghv-walddoerfer.de\/wp-content\/uploads\/2022\/10\/IMG-20221013-WA0001-750x1000.jpg 750w\" sizes=\"auto, (max-width: 768px) 100vw, 768px\" \/><\/a><figcaption class=\"wp-element-caption\"><strong>Christine Schurzfeld<\/strong><br>Ausbilderin Grundausbildung<br>Mitglied seit 2021<\/figcaption><\/figure>\n<\/div>\n\n<div class=\"wp-block-image\">\n<figure class=\"aligncenter size-large is-resized\"><a href=\"https:\/\/www.ghv-walddoerfer.de\/wp-content\/uploads\/2024\/12\/DSC_0201.jpg\" rel=\"lightbox[902]\"><img loading=\"lazy\" decoding=\"async\" width=\"858\" height=\"1024\" src=\"https:\/\/www.ghv-walddoerfer.de\/wp-content\/uploads\/2024\/12\/DSC_0201-858x1024.jpg\" alt=\"\" class=\"wp-image-3077\" style=\"width:268px;height:auto\" srcset=\"https:\/\/www.ghv-walddoerfer.de\/wp-content\/uploads\/2024\/12\/DSC_0201-858x1024.jpg 858w, https:\/\/www.ghv-walddoerfer.de\/wp-content\/uploads\/2024\/12\/DSC_0201-251x300.jpg 251w, https:\/\/www.ghv-walddoerfer.de\/wp-content\/uploads\/2024\/12\/DSC_0201-768x917.jpg 768w, https:\/\/www.ghv-walddoerfer.de\/wp-content\/uploads\/2024\/12\/DSC_0201-750x895.jpg 750w, https:\/\/www.ghv-walddoerfer.de\/wp-content\/uploads\/2024\/12\/DSC_0201.jpg 862w\" sizes=\"auto, (max-width: 858px) 100vw, 858px\" \/><\/a><figcaption class=\"wp-element-caption\"><strong>Julia Kaiser<\/strong><br>Ausbilderin THS, Grundausbildung<br>Mitglied seit 2015<\/figcaption><\/figure>\n<\/div>\n\n<div class=\"wp-block-image\">\n<figure class=\"aligncenter size-large is-resized\"><a href=\"https:\/\/www.ghv-walddoerfer.de\/wp-content\/uploads\/2022\/11\/IMG-20221102-WA0004-e1736100320691.jpg\" rel=\"lightbox[902]\"><img loading=\"lazy\" decoding=\"async\" width=\"768\" height=\"1024\" src=\"https:\/\/www.ghv-walddoerfer.de\/wp-content\/uploads\/2022\/11\/IMG-20221102-WA0004-768x1024.jpg\" alt=\"\" class=\"wp-image-2899\" style=\"width:280px;height:auto\"\/><\/a><figcaption class=\"wp-element-caption\"><strong>Petra Wittenberg<br><\/strong>Ausbilderin Grundausbildung<br>Mitglied seit 2020<\/figcaption><\/figure>\n<\/div>\n\n<div class=\"wp-block-image\">\n<figure class=\"aligncenter size-large is-resized\"><a href=\"https:\/\/www.ghv-walddoerfer.de\/wp-content\/uploads\/2018\/10\/GHV-Walddoerfer-Herbstpruefung_2018-10-21-47-e1540374226689.jpg\" rel=\"lightbox[902]\"><img loading=\"lazy\" decoding=\"async\" width=\"822\" height=\"1024\" src=\"https:\/\/www.ghv-walddoerfer.de\/wp-content\/uploads\/2018\/10\/GHV-Walddoerfer-Herbstpruefung_2018-10-21-47-e1540374226689-822x1024.jpg\" alt=\"\" class=\"wp-image-1930\" style=\"width:277px;height:auto\" srcset=\"https:\/\/www.ghv-walddoerfer.de\/wp-content\/uploads\/2018\/10\/GHV-Walddoerfer-Herbstpruefung_2018-10-21-47-e1540374226689-822x1024.jpg 822w, https:\/\/www.ghv-walddoerfer.de\/wp-content\/uploads\/2018\/10\/GHV-Walddoerfer-Herbstpruefung_2018-10-21-47-e1540374226689-241x300.jpg 241w, https:\/\/www.ghv-walddoerfer.de\/wp-content\/uploads\/2018\/10\/GHV-Walddoerfer-Herbstpruefung_2018-10-21-47-e1540374226689-768x956.jpg 768w, https:\/\/www.ghv-walddoerfer.de\/wp-content\/uploads\/2018\/10\/GHV-Walddoerfer-Herbstpruefung_2018-10-21-47-e1540374226689-750x934.jpg 750w\" sizes=\"auto, (max-width: 822px) 100vw, 822px\" \/><\/a><figcaption class=\"wp-element-caption\"><strong>Tobias Kaiser<\/strong><br>Ausbilder Grundausbildung<br>Mitglied seit 2016<\/figcaption><\/figure>\n<\/div>","protected":false},"excerpt":{"rendered":"<p>Wer mit seinem Hund schon Kenntnisse im Grundgehorsam erworben hat, kann diese in unserer Fortgeschrittenen-Gruppe festigen und weiter ausbauen. Die Trainingsziele sind z. B. das Laufen bei Fu\u00df, die Arbeit in der Gruppe, das F\u00fchren des Hundes mit und ohne Leine oder das Ablegen des Hundes. Auch wer sich auf die Begleithundpr\u00fcfung vorbereiten m\u00f6chte, erwirbt [&hellip;]<\/p>\n","protected":false},"author":5,"featured_media":0,"parent":122,"menu_order":6,"comment_status":"closed","ping_status":"closed","template":"","meta":{"footnotes":""},"class_list":["post-902","page","type-page","status-publish","hentry"],"_links":{"self":[{"href":"https:\/\/www.ghv-walddoerfer.de\/web\/wp-json\/wp\/v2\/pages\/902","targetHints":{"allow":["GET"]}}],"collection":[{"href":"https:\/\/www.ghv-walddoerfer.de\/web\/wp-json\/wp\/v2\/pages"}],"about":[{"href":"https:\/\/www.ghv-walddoerfer.de\/web\/wp-json\/wp\/v2\/types\/page"}],"author":[{"embeddable":true,"href":"https:\/\/www.ghv-walddoerfer.de\/web\/wp-json\/wp\/v2\/users\/5"}],"replies":[{"embeddable":true,"href":"https:\/\/www.ghv-walddoerfer.de\/web\/wp-json\/wp\/v2\/comments?post=902"}],"version-history":[{"count":50,"href":"https:\/\/www.ghv-walddoerfer.de\/web\/wp-json\/wp\/v2\/pages\/902\/revisions"}],"predecessor-version":[{"id":3220,"href":"https:\/\/www.ghv-walddoerfer.de\/web\/wp-json\/wp\/v2\/pages\/902\/revisions\/3220"}],"up":[{"embeddable":true,"href":"https:\/\/www.ghv-walddoerfer.de\/web\/wp-json\/wp\/v2\/pages\/122"}],"wp:attachment":[{"href":"https:\/\/www.ghv-walddoerfer.de\/web\/wp-json\/wp\/v2\/media?parent=902"}],"curies":[{"name":"wp","href":"https:\/\/api.w.org\/{rel}","templated":true}]}}