{"id":94,"date":"2017-03-03T19:06:27","date_gmt":"2017-03-03T18:06:27","guid":{"rendered":"http:\/\/www.ghv-walddoerfer.de\/web\/?page_id=94"},"modified":"2019-09-22T13:13:36","modified_gmt":"2019-09-22T11:13:36","slug":"stoebern","status":"publish","type":"page","link":"https:\/\/www.ghv-walddoerfer.de\/web\/sportarten\/stoebern\/","title":{"rendered":"St\u00f6bern"},"content":{"rendered":"<p><span style=\"color: #000080;\">Nicht weit weg vom F\u00e4hrten ist das&nbsp;St\u00f6bern. Im zuvor abgesteckten Terrain m\u00fcssen Gegenst\u00e4nde gefunden und verwiesen werden. Dabei ist ebenfalls die gute Nase des Hundes gefragt. Zum Teil unter Laub oder B\u00fcschen m\u00fcssen Gegenst\u00e4nde gefunden werden.&nbsp;Je nach Pr\u00fcfungsstufe variiert die Gr\u00f6\u00dfe der St\u00f6berfl\u00e4che und die Anzahl der Gegenst\u00e4nde.<\/span><\/p>\n<p><span style=\"color: #000080;\">Der Hund kann die Gegenst\u00e4nde im Stehen, Liegen oder Sitzen verweisen.<\/span><\/p>\n<p><span style=\"color: #000080;\">Die St\u00f6ber-Gruppe wird von Katrin und Rudi betreut.<\/span><\/p>\n<p><span style=\"color: #000080;\"><strong>Trainingszeiten:<\/strong><\/span><\/p>\n<p><span style=\"color: #000080;\">Samstags ca. 12:30 bis 13:30 Uhr (im Au\u00dfengel\u00e4nde, Start nach Absprache, Treffpunkt Verein)<\/span><\/p>\n<p><\/p>\n\n\n<div class=\"wp-block-image\"><figure class=\"alignleft is-resized\"><img loading=\"lazy\" decoding=\"async\" src=\"https:\/\/www.ghv-walddoerfer.de\/wp-content\/uploads\/2018\/10\/Katrin-768x1024.jpg\" alt=\"\" class=\"wp-image-1858\" width=\"229\" height=\"306\"\/><figcaption><strong>Katrin Wollny-Goerke<\/strong>           <br>Ausbilderin <br>Jugendliche, GHS, THS<br> Mitglied seit 1998<br><\/figcaption><\/figure><\/div>\n\n\n\n<figure class=\"wp-block-image is-resized\"><img loading=\"lazy\" decoding=\"async\" src=\"https:\/\/www.ghv-walddoerfer.de\/wp-content\/uploads\/2018\/10\/Rudi_Paolo.jpg\" alt=\"\" class=\"wp-image-1880\" width=\"221\" height=\"306\" srcset=\"https:\/\/www.ghv-walddoerfer.de\/wp-content\/uploads\/2018\/10\/Rudi_Paolo.jpg 404w, https:\/\/www.ghv-walddoerfer.de\/wp-content\/uploads\/2018\/10\/Rudi_Paolo-217x300.jpg 217w\" sizes=\"auto, (max-width: 221px) 100vw, 221px\" \/><figcaption><strong>R\u00fcdiger Rolappe<\/strong> <br>Ausbilderassistent <br>THS, St\u00f6bern, F\u00e4hrten<br> Mitglied seit 2009<br><\/figcaption><\/figure>\n","protected":false},"excerpt":{"rendered":"<p>Nicht weit weg vom F\u00e4hrten ist das&nbsp;St\u00f6bern. Im zuvor abgesteckten Terrain m\u00fcssen Gegenst\u00e4nde gefunden und verwiesen werden. Dabei ist ebenfalls die gute Nase des Hundes gefragt. Zum Teil unter Laub oder B\u00fcschen m\u00fcssen Gegenst\u00e4nde gefunden werden.&nbsp;Je nach Pr\u00fcfungsstufe variiert die Gr\u00f6\u00dfe der St\u00f6berfl\u00e4che und die Anzahl der Gegenst\u00e4nde. Der Hund kann die Gegenst\u00e4nde im Stehen, [&hellip;]<\/p>\n","protected":false},"author":5,"featured_media":0,"parent":78,"menu_order":7,"comment_status":"closed","ping_status":"closed","template":"","meta":{"footnotes":""},"class_list":["post-94","page","type-page","status-publish","hentry"],"_links":{"self":[{"href":"https:\/\/www.ghv-walddoerfer.de\/web\/wp-json\/wp\/v2\/pages\/94","targetHints":{"allow":["GET"]}}],"collection":[{"href":"https:\/\/www.ghv-walddoerfer.de\/web\/wp-json\/wp\/v2\/pages"}],"about":[{"href":"https:\/\/www.ghv-walddoerfer.de\/web\/wp-json\/wp\/v2\/types\/page"}],"author":[{"embeddable":true,"href":"https:\/\/www.ghv-walddoerfer.de\/web\/wp-json\/wp\/v2\/users\/5"}],"replies":[{"embeddable":true,"href":"https:\/\/www.ghv-walddoerfer.de\/web\/wp-json\/wp\/v2\/comments?post=94"}],"version-history":[{"count":22,"href":"https:\/\/www.ghv-walddoerfer.de\/web\/wp-json\/wp\/v2\/pages\/94\/revisions"}],"predecessor-version":[{"id":2414,"href":"https:\/\/www.ghv-walddoerfer.de\/web\/wp-json\/wp\/v2\/pages\/94\/revisions\/2414"}],"up":[{"embeddable":true,"href":"https:\/\/www.ghv-walddoerfer.de\/web\/wp-json\/wp\/v2\/pages\/78"}],"wp:attachment":[{"href":"https:\/\/www.ghv-walddoerfer.de\/web\/wp-json\/wp\/v2\/media?parent=94"}],"curies":[{"name":"wp","href":"https:\/\/api.w.org\/{rel}","templated":true}]}}